{"id":1050,"date":"2025-10-09T19:15:16","date_gmt":"2025-10-09T17:15:16","guid":{"rendered":"https:\/\/fotografik.net.pl\/?page_id=1050"},"modified":"2025-10-11T19:07:52","modified_gmt":"2025-10-11T17:07:52","slug":"wiosna","status":"publish","type":"page","link":"https:\/\/fotografik.net.pl\/?page_id=1050","title":{"rendered":"Wiosna"},"content":{"rendered":"\n<div class=\"wp-block-media-text is-stacked-on-mobile\" style=\"grid-template-columns:70% auto\"><figure class=\"wp-block-media-text__media\"><a href=\"https:\/\/fotografik.net.pl\/?page_id=1186\"><img loading=\"lazy\" decoding=\"async\" width=\"1024\" height=\"683\" src=\"https:\/\/fotografik.net.pl\/wp-content\/uploads\/2025\/10\/SLA00598-2025-05-24-14.08.47-1024x683.jpg\" alt=\"\" class=\"wp-image-1193 size-full\" srcset=\"https:\/\/fotografik.net.pl\/wp-content\/uploads\/2025\/10\/SLA00598-2025-05-24-14.08.47-1024x683.jpg 1024w, https:\/\/fotografik.net.pl\/wp-content\/uploads\/2025\/10\/SLA00598-2025-05-24-14.08.47-300x200.jpg 300w, https:\/\/fotografik.net.pl\/wp-content\/uploads\/2025\/10\/SLA00598-2025-05-24-14.08.47-768x512.jpg 768w, https:\/\/fotografik.net.pl\/wp-content\/uploads\/2025\/10\/SLA00598-2025-05-24-14.08.47-1536x1024.jpg 1536w, https:\/\/fotografik.net.pl\/wp-content\/uploads\/2025\/10\/SLA00598-2025-05-24-14.08.47.jpg 2048w\" sizes=\"auto, (max-width: 1024px) 100vw, 1024px\" \/><\/a><\/figure><div class=\"wp-block-media-text__content\">\n<p>W stron\u0119 s\u0142o\u0144ca<\/p>\n<\/div><\/div>\n\n\n\n<div class=\"wp-block-media-text is-stacked-on-mobile\" style=\"grid-template-columns:70% auto\"><figure class=\"wp-block-media-text__media\"><a href=\"https:\/\/fotografik.net.pl\/?page_id=1167\"><img loading=\"lazy\" decoding=\"async\" width=\"1024\" height=\"683\" src=\"https:\/\/fotografik.net.pl\/wp-content\/uploads\/2025\/10\/SLA00660-2025-05-25-12.26.27-1024x683.jpg\" alt=\"Nadodrza\u0144skie maki\" class=\"wp-image-1126 size-full\" srcset=\"https:\/\/fotografik.net.pl\/wp-content\/uploads\/2025\/10\/SLA00660-2025-05-25-12.26.27-1024x683.jpg 1024w, https:\/\/fotografik.net.pl\/wp-content\/uploads\/2025\/10\/SLA00660-2025-05-25-12.26.27-300x200.jpg 300w, https:\/\/fotografik.net.pl\/wp-content\/uploads\/2025\/10\/SLA00660-2025-05-25-12.26.27-768x512.jpg 768w, https:\/\/fotografik.net.pl\/wp-content\/uploads\/2025\/10\/SLA00660-2025-05-25-12.26.27-1536x1024.jpg 1536w, https:\/\/fotografik.net.pl\/wp-content\/uploads\/2025\/10\/SLA00660-2025-05-25-12.26.27.jpg 2048w\" sizes=\"auto, (max-width: 1024px) 100vw, 1024px\" \/><\/a><\/figure><div class=\"wp-block-media-text__content\">\n<p>Nadodrza\u0144skie maki<\/p>\n<\/div><\/div>\n\n\n\n<div class=\"wp-block-media-text is-stacked-on-mobile\" style=\"grid-template-columns:70% auto\"><figure class=\"wp-block-media-text__media\"><a href=\"https:\/\/fotografik.net.pl\/?page_id=1172\"><img loading=\"lazy\" decoding=\"async\" width=\"1024\" height=\"683\" src=\"https:\/\/fotografik.net.pl\/wp-content\/uploads\/2025\/10\/SLA00622-2025-05-25-12.05.10-1024x683.jpg\" alt=\"Z\u0142ote kacze\u0144ce\" class=\"wp-image-1090 size-full\" srcset=\"https:\/\/fotografik.net.pl\/wp-content\/uploads\/2025\/10\/SLA00622-2025-05-25-12.05.10-1024x683.jpg 1024w, https:\/\/fotografik.net.pl\/wp-content\/uploads\/2025\/10\/SLA00622-2025-05-25-12.05.10-300x200.jpg 300w, https:\/\/fotografik.net.pl\/wp-content\/uploads\/2025\/10\/SLA00622-2025-05-25-12.05.10-768x512.jpg 768w, https:\/\/fotografik.net.pl\/wp-content\/uploads\/2025\/10\/SLA00622-2025-05-25-12.05.10-1536x1024.jpg 1536w, https:\/\/fotografik.net.pl\/wp-content\/uploads\/2025\/10\/SLA00622-2025-05-25-12.05.10.jpg 2048w\" sizes=\"auto, (max-width: 1024px) 100vw, 1024px\" \/><\/a><\/figure><div class=\"wp-block-media-text__content\">\n<p>Z\u0142ote kacze\u0144ce<\/p>\n<\/div><\/div>\n\n\n\n<div class=\"wp-block-media-text is-stacked-on-mobile\" style=\"grid-template-columns:70% auto\"><figure class=\"wp-block-media-text__media\"><a href=\"https:\/\/fotografik.net.pl\/?page_id=1179\"><img loading=\"lazy\" decoding=\"async\" width=\"1024\" height=\"683\" src=\"https:\/\/fotografik.net.pl\/wp-content\/uploads\/2025\/10\/SLA00618-2025-05-25-12.02.10-1024x683.jpg\" alt=\"Wiosenne \u017cniwa\" class=\"wp-image-1086 size-full\" srcset=\"https:\/\/fotografik.net.pl\/wp-content\/uploads\/2025\/10\/SLA00618-2025-05-25-12.02.10-1024x683.jpg 1024w, https:\/\/fotografik.net.pl\/wp-content\/uploads\/2025\/10\/SLA00618-2025-05-25-12.02.10-300x200.jpg 300w, https:\/\/fotografik.net.pl\/wp-content\/uploads\/2025\/10\/SLA00618-2025-05-25-12.02.10-768x512.jpg 768w, https:\/\/fotografik.net.pl\/wp-content\/uploads\/2025\/10\/SLA00618-2025-05-25-12.02.10-1536x1024.jpg 1536w, https:\/\/fotografik.net.pl\/wp-content\/uploads\/2025\/10\/SLA00618-2025-05-25-12.02.10.jpg 2048w\" sizes=\"auto, (max-width: 1024px) 100vw, 1024px\" \/><\/a><\/figure><div class=\"wp-block-media-text__content\">\n<p>Wiosenne \u017cniwa<\/p>\n<\/div><\/div>\n\n\n\n<p><\/p>\n\n\n\n<div class=\"wp-block-media-text is-stacked-on-mobile\" style=\"grid-template-columns:70% auto\"><figure class=\"wp-block-media-text__media\"><a href=\"https:\/\/fotografik.net.pl\/?page_id=1200\"><img loading=\"lazy\" decoding=\"async\" width=\"1024\" height=\"683\" src=\"https:\/\/fotografik.net.pl\/wp-content\/uploads\/2025\/10\/Stacked-454-473-2025-05-24-16.38.57-1024x683.jpg\" alt=\"\" class=\"wp-image-1201 size-full\" srcset=\"https:\/\/fotografik.net.pl\/wp-content\/uploads\/2025\/10\/Stacked-454-473-2025-05-24-16.38.57-1024x683.jpg 1024w, https:\/\/fotografik.net.pl\/wp-content\/uploads\/2025\/10\/Stacked-454-473-2025-05-24-16.38.57-300x200.jpg 300w, https:\/\/fotografik.net.pl\/wp-content\/uploads\/2025\/10\/Stacked-454-473-2025-05-24-16.38.57-768x512.jpg 768w, https:\/\/fotografik.net.pl\/wp-content\/uploads\/2025\/10\/Stacked-454-473-2025-05-24-16.38.57-1536x1024.jpg 1536w, https:\/\/fotografik.net.pl\/wp-content\/uploads\/2025\/10\/Stacked-454-473-2025-05-24-16.38.57.jpg 2048w\" sizes=\"auto, (max-width: 1024px) 100vw, 1024px\" \/><\/a><\/figure><div class=\"wp-block-media-text__content\">\n<p>Barwy wiosny<\/p>\n<\/div><\/div>\n","protected":false},"excerpt":{"rendered":"<p>W stron\u0119 s\u0142o\u0144ca Nadodrza\u0144skie maki Z\u0142ote kacze\u0144ce Wiosenne \u017cniwa Barwy wiosny<\/p>\n","protected":false},"author":1,"featured_media":0,"parent":372,"menu_order":0,"comment_status":"closed","ping_status":"closed","template":"","meta":{"footnotes":""},"class_list":["post-1050","page","type-page","status-publish","hentry"],"_links":{"self":[{"href":"https:\/\/fotografik.net.pl\/index.php?rest_route=\/wp\/v2\/pages\/1050","targetHints":{"allow":["GET"]}}],"collection":[{"href":"https:\/\/fotografik.net.pl\/index.php?rest_route=\/wp\/v2\/pages"}],"about":[{"href":"https:\/\/fotografik.net.pl\/index.php?rest_route=\/wp\/v2\/types\/page"}],"author":[{"embeddable":true,"href":"https:\/\/fotografik.net.pl\/index.php?rest_route=\/wp\/v2\/users\/1"}],"replies":[{"embeddable":true,"href":"https:\/\/fotografik.net.pl\/index.php?rest_route=%2Fwp%2Fv2%2Fcomments&post=1050"}],"version-history":[{"count":15,"href":"https:\/\/fotografik.net.pl\/index.php?rest_route=\/wp\/v2\/pages\/1050\/revisions"}],"predecessor-version":[{"id":1213,"href":"https:\/\/fotografik.net.pl\/index.php?rest_route=\/wp\/v2\/pages\/1050\/revisions\/1213"}],"up":[{"embeddable":true,"href":"https:\/\/fotografik.net.pl\/index.php?rest_route=\/wp\/v2\/pages\/372"}],"wp:attachment":[{"href":"https:\/\/fotografik.net.pl\/index.php?rest_route=%2Fwp%2Fv2%2Fmedia&parent=1050"}],"curies":[{"name":"wp","href":"https:\/\/api.w.org\/{rel}","templated":true}]}}