{"id":1186,"date":"2025-10-11T19:01:05","date_gmt":"2025-10-11T17:01:05","guid":{"rendered":"https:\/\/fotografik.net.pl\/?page_id=1186"},"modified":"2025-10-11T19:02:56","modified_gmt":"2025-10-11T17:02:56","slug":"w-strone-slonca","status":"publish","type":"page","link":"https:\/\/fotografik.net.pl\/?page_id=1186","title":{"rendered":"W stron\u0119 s\u0142o\u0144ca"},"content":{"rendered":"\n<figure class=\"wp-block-gallery has-nested-images columns-1 is-cropped wp-block-gallery-1 is-layout-flex wp-block-gallery-is-layout-flex\">\n<figure class=\"wp-block-image size-large\"><img loading=\"lazy\" decoding=\"async\" width=\"683\" height=\"1024\" data-id=\"1192\" src=\"https:\/\/fotografik.net.pl\/wp-content\/uploads\/2025\/10\/SLA00546-2025-05-24-13.54.52-683x1024.jpg\" alt=\"\" class=\"wp-image-1192\" srcset=\"https:\/\/fotografik.net.pl\/wp-content\/uploads\/2025\/10\/SLA00546-2025-05-24-13.54.52-683x1024.jpg 683w, https:\/\/fotografik.net.pl\/wp-content\/uploads\/2025\/10\/SLA00546-2025-05-24-13.54.52-200x300.jpg 200w, https:\/\/fotografik.net.pl\/wp-content\/uploads\/2025\/10\/SLA00546-2025-05-24-13.54.52-768x1152.jpg 768w, https:\/\/fotografik.net.pl\/wp-content\/uploads\/2025\/10\/SLA00546-2025-05-24-13.54.52-1024x1536.jpg 1024w, https:\/\/fotografik.net.pl\/wp-content\/uploads\/2025\/10\/SLA00546-2025-05-24-13.54.52.jpg 1365w\" sizes=\"auto, (max-width: 683px) 100vw, 683px\" \/><\/figure>\n\n\n\n<figure class=\"wp-block-image size-large\"><img loading=\"lazy\" decoding=\"async\" width=\"683\" height=\"1024\" data-id=\"1189\" src=\"https:\/\/fotografik.net.pl\/wp-content\/uploads\/2025\/10\/SLA00559-2025-05-24-14.00.21-683x1024.jpg\" alt=\"\" class=\"wp-image-1189\" srcset=\"https:\/\/fotografik.net.pl\/wp-content\/uploads\/2025\/10\/SLA00559-2025-05-24-14.00.21-683x1024.jpg 683w, https:\/\/fotografik.net.pl\/wp-content\/uploads\/2025\/10\/SLA00559-2025-05-24-14.00.21-200x300.jpg 200w, https:\/\/fotografik.net.pl\/wp-content\/uploads\/2025\/10\/SLA00559-2025-05-24-14.00.21-768x1152.jpg 768w, https:\/\/fotografik.net.pl\/wp-content\/uploads\/2025\/10\/SLA00559-2025-05-24-14.00.21-1024x1536.jpg 1024w, https:\/\/fotografik.net.pl\/wp-content\/uploads\/2025\/10\/SLA00559-2025-05-24-14.00.21.jpg 1365w\" sizes=\"auto, (max-width: 683px) 100vw, 683px\" \/><\/figure>\n\n\n\n<figure class=\"wp-block-image size-large\"><img loading=\"lazy\" decoding=\"async\" width=\"683\" height=\"1024\" data-id=\"1187\" src=\"https:\/\/fotografik.net.pl\/wp-content\/uploads\/2025\/10\/SLA00575-2025-05-24-14.04.05-683x1024.jpg\" alt=\"\" class=\"wp-image-1187\" srcset=\"https:\/\/fotografik.net.pl\/wp-content\/uploads\/2025\/10\/SLA00575-2025-05-24-14.04.05-683x1024.jpg 683w, https:\/\/fotografik.net.pl\/wp-content\/uploads\/2025\/10\/SLA00575-2025-05-24-14.04.05-200x300.jpg 200w, https:\/\/fotografik.net.pl\/wp-content\/uploads\/2025\/10\/SLA00575-2025-05-24-14.04.05-768x1152.jpg 768w, https:\/\/fotografik.net.pl\/wp-content\/uploads\/2025\/10\/SLA00575-2025-05-24-14.04.05-1024x1536.jpg 1024w, https:\/\/fotografik.net.pl\/wp-content\/uploads\/2025\/10\/SLA00575-2025-05-24-14.04.05.jpg 1365w\" sizes=\"auto, (max-width: 683px) 100vw, 683px\" \/><\/figure>\n\n\n\n<figure class=\"wp-block-image size-large\"><img loading=\"lazy\" decoding=\"async\" width=\"683\" height=\"1024\" data-id=\"1188\" src=\"https:\/\/fotografik.net.pl\/wp-content\/uploads\/2025\/10\/SLA00578-2025-05-24-14.04.20-683x1024.jpg\" alt=\"\" class=\"wp-image-1188\" srcset=\"https:\/\/fotografik.net.pl\/wp-content\/uploads\/2025\/10\/SLA00578-2025-05-24-14.04.20-683x1024.jpg 683w, https:\/\/fotografik.net.pl\/wp-content\/uploads\/2025\/10\/SLA00578-2025-05-24-14.04.20-200x300.jpg 200w, https:\/\/fotografik.net.pl\/wp-content\/uploads\/2025\/10\/SLA00578-2025-05-24-14.04.20-768x1152.jpg 768w, https:\/\/fotografik.net.pl\/wp-content\/uploads\/2025\/10\/SLA00578-2025-05-24-14.04.20-1024x1536.jpg 1024w, https:\/\/fotografik.net.pl\/wp-content\/uploads\/2025\/10\/SLA00578-2025-05-24-14.04.20.jpg 1365w\" sizes=\"auto, (max-width: 683px) 100vw, 683px\" \/><\/figure>\n\n\n\n<figure class=\"wp-block-image size-large\"><img loading=\"lazy\" decoding=\"async\" width=\"683\" height=\"1024\" data-id=\"1194\" src=\"https:\/\/fotografik.net.pl\/wp-content\/uploads\/2025\/10\/SLA00593-2025-05-24-14.08.01-683x1024.jpg\" alt=\"\" class=\"wp-image-1194\" srcset=\"https:\/\/fotografik.net.pl\/wp-content\/uploads\/2025\/10\/SLA00593-2025-05-24-14.08.01-683x1024.jpg 683w, https:\/\/fotografik.net.pl\/wp-content\/uploads\/2025\/10\/SLA00593-2025-05-24-14.08.01-200x300.jpg 200w, https:\/\/fotografik.net.pl\/wp-content\/uploads\/2025\/10\/SLA00593-2025-05-24-14.08.01-768x1152.jpg 768w, https:\/\/fotografik.net.pl\/wp-content\/uploads\/2025\/10\/SLA00593-2025-05-24-14.08.01-1024x1536.jpg 1024w, https:\/\/fotografik.net.pl\/wp-content\/uploads\/2025\/10\/SLA00593-2025-05-24-14.08.01.jpg 1365w\" sizes=\"auto, (max-width: 683px) 100vw, 683px\" \/><\/figure>\n\n\n\n<figure class=\"wp-block-image size-large\"><img loading=\"lazy\" decoding=\"async\" width=\"1024\" height=\"683\" data-id=\"1193\" src=\"https:\/\/fotografik.net.pl\/wp-content\/uploads\/2025\/10\/SLA00598-2025-05-24-14.08.47-1024x683.jpg\" alt=\"\" class=\"wp-image-1193\" srcset=\"https:\/\/fotografik.net.pl\/wp-content\/uploads\/2025\/10\/SLA00598-2025-05-24-14.08.47-1024x683.jpg 1024w, https:\/\/fotografik.net.pl\/wp-content\/uploads\/2025\/10\/SLA00598-2025-05-24-14.08.47-300x200.jpg 300w, https:\/\/fotografik.net.pl\/wp-content\/uploads\/2025\/10\/SLA00598-2025-05-24-14.08.47-768x512.jpg 768w, https:\/\/fotografik.net.pl\/wp-content\/uploads\/2025\/10\/SLA00598-2025-05-24-14.08.47-1536x1024.jpg 1536w, https:\/\/fotografik.net.pl\/wp-content\/uploads\/2025\/10\/SLA00598-2025-05-24-14.08.47.jpg 2048w\" sizes=\"auto, (max-width: 1024px) 100vw, 1024px\" \/><\/figure>\n\n\n\n<figure class=\"wp-block-image size-large\"><img loading=\"lazy\" decoding=\"async\" width=\"1024\" height=\"683\" data-id=\"1191\" src=\"https:\/\/fotografik.net.pl\/wp-content\/uploads\/2025\/10\/SLA00603-2025-05-24-14.09.08-1024x683.jpg\" alt=\"\" class=\"wp-image-1191\" srcset=\"https:\/\/fotografik.net.pl\/wp-content\/uploads\/2025\/10\/SLA00603-2025-05-24-14.09.08-1024x683.jpg 1024w, https:\/\/fotografik.net.pl\/wp-content\/uploads\/2025\/10\/SLA00603-2025-05-24-14.09.08-300x200.jpg 300w, https:\/\/fotografik.net.pl\/wp-content\/uploads\/2025\/10\/SLA00603-2025-05-24-14.09.08-768x512.jpg 768w, https:\/\/fotografik.net.pl\/wp-content\/uploads\/2025\/10\/SLA00603-2025-05-24-14.09.08-1536x1024.jpg 1536w, https:\/\/fotografik.net.pl\/wp-content\/uploads\/2025\/10\/SLA00603-2025-05-24-14.09.08.jpg 2048w\" sizes=\"auto, (max-width: 1024px) 100vw, 1024px\" \/><\/figure>\n\n\n\n<figure class=\"wp-block-image size-large\"><img loading=\"lazy\" decoding=\"async\" width=\"1024\" height=\"683\" data-id=\"1190\" src=\"https:\/\/fotografik.net.pl\/wp-content\/uploads\/2025\/10\/SLA00605-2025-05-24-14.09.17-1024x683.jpg\" alt=\"\" class=\"wp-image-1190\" srcset=\"https:\/\/fotografik.net.pl\/wp-content\/uploads\/2025\/10\/SLA00605-2025-05-24-14.09.17-1024x683.jpg 1024w, https:\/\/fotografik.net.pl\/wp-content\/uploads\/2025\/10\/SLA00605-2025-05-24-14.09.17-300x200.jpg 300w, https:\/\/fotografik.net.pl\/wp-content\/uploads\/2025\/10\/SLA00605-2025-05-24-14.09.17-768x512.jpg 768w, https:\/\/fotografik.net.pl\/wp-content\/uploads\/2025\/10\/SLA00605-2025-05-24-14.09.17-1536x1024.jpg 1536w, https:\/\/fotografik.net.pl\/wp-content\/uploads\/2025\/10\/SLA00605-2025-05-24-14.09.17.jpg 2048w\" sizes=\"auto, (max-width: 1024px) 100vw, 1024px\" \/><\/figure>\n<\/figure>\n","protected":false},"excerpt":{"rendered":"","protected":false},"author":1,"featured_media":0,"parent":1050,"menu_order":0,"comment_status":"closed","ping_status":"closed","template":"","meta":{"footnotes":""},"class_list":["post-1186","page","type-page","status-publish","hentry"],"_links":{"self":[{"href":"https:\/\/fotografik.net.pl\/index.php?rest_route=\/wp\/v2\/pages\/1186","targetHints":{"allow":["GET"]}}],"collection":[{"href":"https:\/\/fotografik.net.pl\/index.php?rest_route=\/wp\/v2\/pages"}],"about":[{"href":"https:\/\/fotografik.net.pl\/index.php?rest_route=\/wp\/v2\/types\/page"}],"author":[{"embeddable":true,"href":"https:\/\/fotografik.net.pl\/index.php?rest_route=\/wp\/v2\/users\/1"}],"replies":[{"embeddable":true,"href":"https:\/\/fotografik.net.pl\/index.php?rest_route=%2Fwp%2Fv2%2Fcomments&post=1186"}],"version-history":[{"count":2,"href":"https:\/\/fotografik.net.pl\/index.php?rest_route=\/wp\/v2\/pages\/1186\/revisions"}],"predecessor-version":[{"id":1196,"href":"https:\/\/fotografik.net.pl\/index.php?rest_route=\/wp\/v2\/pages\/1186\/revisions\/1196"}],"up":[{"embeddable":true,"href":"https:\/\/fotografik.net.pl\/index.php?rest_route=\/wp\/v2\/pages\/1050"}],"wp:attachment":[{"href":"https:\/\/fotografik.net.pl\/index.php?rest_route=%2Fwp%2Fv2%2Fmedia&parent=1186"}],"curies":[{"name":"wp","href":"https:\/\/api.w.org\/{rel}","templated":true}]}}