{"id":1282,"date":"2025-10-11T19:22:38","date_gmt":"2025-10-11T17:22:38","guid":{"rendered":"https:\/\/fotografik.net.pl\/?page_id=1282"},"modified":"2025-10-11T19:23:11","modified_gmt":"2025-10-11T17:23:11","slug":"rownia-pod-sniezka","status":"publish","type":"page","link":"https:\/\/fotografik.net.pl\/?page_id=1282","title":{"rendered":"R\u00f3wnia pod \u015anie\u017ck\u0105"},"content":{"rendered":"\n<figure class=\"wp-block-gallery has-nested-images columns-1 is-cropped wp-block-gallery-1 is-layout-flex wp-block-gallery-is-layout-flex\">\n<figure class=\"wp-block-image size-large\"><img loading=\"lazy\" decoding=\"async\" width=\"1024\" height=\"683\" data-id=\"1301\" src=\"https:\/\/fotografik.net.pl\/wp-content\/uploads\/2025\/10\/SLA09351-1024x683.jpg\" alt=\"\" class=\"wp-image-1301\" srcset=\"https:\/\/fotografik.net.pl\/wp-content\/uploads\/2025\/10\/SLA09351-1024x683.jpg 1024w, https:\/\/fotografik.net.pl\/wp-content\/uploads\/2025\/10\/SLA09351-300x200.jpg 300w, https:\/\/fotografik.net.pl\/wp-content\/uploads\/2025\/10\/SLA09351-768x512.jpg 768w, https:\/\/fotografik.net.pl\/wp-content\/uploads\/2025\/10\/SLA09351-1536x1024.jpg 1536w, https:\/\/fotografik.net.pl\/wp-content\/uploads\/2025\/10\/SLA09351.jpg 2048w\" sizes=\"auto, (max-width: 1024px) 100vw, 1024px\" \/><\/figure>\n\n\n\n<figure class=\"wp-block-image size-large\"><img loading=\"lazy\" decoding=\"async\" width=\"1024\" height=\"683\" data-id=\"1308\" src=\"https:\/\/fotografik.net.pl\/wp-content\/uploads\/2025\/10\/SLA09354-1024x683.jpg\" alt=\"\" class=\"wp-image-1308\" srcset=\"https:\/\/fotografik.net.pl\/wp-content\/uploads\/2025\/10\/SLA09354-1024x683.jpg 1024w, https:\/\/fotografik.net.pl\/wp-content\/uploads\/2025\/10\/SLA09354-300x200.jpg 300w, https:\/\/fotografik.net.pl\/wp-content\/uploads\/2025\/10\/SLA09354-768x512.jpg 768w, https:\/\/fotografik.net.pl\/wp-content\/uploads\/2025\/10\/SLA09354-1536x1024.jpg 1536w, https:\/\/fotografik.net.pl\/wp-content\/uploads\/2025\/10\/SLA09354.jpg 2048w\" sizes=\"auto, (max-width: 1024px) 100vw, 1024px\" \/><\/figure>\n\n\n\n<figure class=\"wp-block-image size-large\"><img loading=\"lazy\" decoding=\"async\" width=\"683\" height=\"1024\" data-id=\"1298\" src=\"https:\/\/fotografik.net.pl\/wp-content\/uploads\/2025\/10\/SLA09357-683x1024.jpg\" alt=\"\" class=\"wp-image-1298\" srcset=\"https:\/\/fotografik.net.pl\/wp-content\/uploads\/2025\/10\/SLA09357-683x1024.jpg 683w, https:\/\/fotografik.net.pl\/wp-content\/uploads\/2025\/10\/SLA09357-200x300.jpg 200w, https:\/\/fotografik.net.pl\/wp-content\/uploads\/2025\/10\/SLA09357-768x1152.jpg 768w, https:\/\/fotografik.net.pl\/wp-content\/uploads\/2025\/10\/SLA09357-1024x1536.jpg 1024w, https:\/\/fotografik.net.pl\/wp-content\/uploads\/2025\/10\/SLA09357.jpg 1365w\" sizes=\"auto, (max-width: 683px) 100vw, 683px\" \/><\/figure>\n\n\n\n<figure class=\"wp-block-image size-large\"><img loading=\"lazy\" decoding=\"async\" width=\"1024\" height=\"683\" data-id=\"1291\" src=\"https:\/\/fotografik.net.pl\/wp-content\/uploads\/2025\/10\/SLA09361-1024x683.jpg\" alt=\"\" class=\"wp-image-1291\" srcset=\"https:\/\/fotografik.net.pl\/wp-content\/uploads\/2025\/10\/SLA09361-1024x683.jpg 1024w, https:\/\/fotografik.net.pl\/wp-content\/uploads\/2025\/10\/SLA09361-300x200.jpg 300w, https:\/\/fotografik.net.pl\/wp-content\/uploads\/2025\/10\/SLA09361-768x512.jpg 768w, https:\/\/fotografik.net.pl\/wp-content\/uploads\/2025\/10\/SLA09361-1536x1024.jpg 1536w, https:\/\/fotografik.net.pl\/wp-content\/uploads\/2025\/10\/SLA09361.jpg 2048w\" sizes=\"auto, (max-width: 1024px) 100vw, 1024px\" \/><\/figure>\n\n\n\n<figure class=\"wp-block-image size-large\"><img loading=\"lazy\" decoding=\"async\" width=\"1024\" height=\"683\" data-id=\"1297\" src=\"https:\/\/fotografik.net.pl\/wp-content\/uploads\/2025\/10\/SLA09363-1024x683.jpg\" alt=\"\" class=\"wp-image-1297\" srcset=\"https:\/\/fotografik.net.pl\/wp-content\/uploads\/2025\/10\/SLA09363-1024x683.jpg 1024w, https:\/\/fotografik.net.pl\/wp-content\/uploads\/2025\/10\/SLA09363-300x200.jpg 300w, https:\/\/fotografik.net.pl\/wp-content\/uploads\/2025\/10\/SLA09363-768x512.jpg 768w, https:\/\/fotografik.net.pl\/wp-content\/uploads\/2025\/10\/SLA09363-1536x1024.jpg 1536w, https:\/\/fotografik.net.pl\/wp-content\/uploads\/2025\/10\/SLA09363.jpg 2048w\" sizes=\"auto, (max-width: 1024px) 100vw, 1024px\" \/><\/figure>\n\n\n\n<figure class=\"wp-block-image size-large\"><img loading=\"lazy\" decoding=\"async\" width=\"683\" height=\"1024\" data-id=\"1306\" src=\"https:\/\/fotografik.net.pl\/wp-content\/uploads\/2025\/10\/SLA09365-683x1024.jpg\" alt=\"\" class=\"wp-image-1306\" srcset=\"https:\/\/fotografik.net.pl\/wp-content\/uploads\/2025\/10\/SLA09365-683x1024.jpg 683w, https:\/\/fotografik.net.pl\/wp-content\/uploads\/2025\/10\/SLA09365-200x300.jpg 200w, https:\/\/fotografik.net.pl\/wp-content\/uploads\/2025\/10\/SLA09365-768x1152.jpg 768w, https:\/\/fotografik.net.pl\/wp-content\/uploads\/2025\/10\/SLA09365-1024x1536.jpg 1024w, https:\/\/fotografik.net.pl\/wp-content\/uploads\/2025\/10\/SLA09365.jpg 1365w\" sizes=\"auto, (max-width: 683px) 100vw, 683px\" \/><\/figure>\n\n\n\n<figure class=\"wp-block-image size-large\"><img loading=\"lazy\" decoding=\"async\" width=\"1024\" height=\"683\" data-id=\"1302\" src=\"https:\/\/fotografik.net.pl\/wp-content\/uploads\/2025\/10\/SLA09368-1024x683.jpg\" alt=\"\" class=\"wp-image-1302\" srcset=\"https:\/\/fotografik.net.pl\/wp-content\/uploads\/2025\/10\/SLA09368-1024x683.jpg 1024w, https:\/\/fotografik.net.pl\/wp-content\/uploads\/2025\/10\/SLA09368-300x200.jpg 300w, https:\/\/fotografik.net.pl\/wp-content\/uploads\/2025\/10\/SLA09368-768x512.jpg 768w, https:\/\/fotografik.net.pl\/wp-content\/uploads\/2025\/10\/SLA09368-1536x1024.jpg 1536w, https:\/\/fotografik.net.pl\/wp-content\/uploads\/2025\/10\/SLA09368.jpg 2048w\" sizes=\"auto, (max-width: 1024px) 100vw, 1024px\" \/><\/figure>\n\n\n\n<figure class=\"wp-block-image size-large\"><img loading=\"lazy\" decoding=\"async\" width=\"1024\" height=\"683\" data-id=\"1290\" src=\"https:\/\/fotografik.net.pl\/wp-content\/uploads\/2025\/10\/SLA09371-1024x683.jpg\" alt=\"\" class=\"wp-image-1290\" srcset=\"https:\/\/fotografik.net.pl\/wp-content\/uploads\/2025\/10\/SLA09371-1024x683.jpg 1024w, https:\/\/fotografik.net.pl\/wp-content\/uploads\/2025\/10\/SLA09371-300x200.jpg 300w, https:\/\/fotografik.net.pl\/wp-content\/uploads\/2025\/10\/SLA09371-768x512.jpg 768w, https:\/\/fotografik.net.pl\/wp-content\/uploads\/2025\/10\/SLA09371-1536x1024.jpg 1536w, https:\/\/fotografik.net.pl\/wp-content\/uploads\/2025\/10\/SLA09371.jpg 2048w\" sizes=\"auto, (max-width: 1024px) 100vw, 1024px\" \/><\/figure>\n\n\n\n<figure class=\"wp-block-image size-large\"><img loading=\"lazy\" decoding=\"async\" width=\"1024\" height=\"683\" data-id=\"1304\" src=\"https:\/\/fotografik.net.pl\/wp-content\/uploads\/2025\/10\/SLA09374-1024x683.jpg\" alt=\"\" class=\"wp-image-1304\" srcset=\"https:\/\/fotografik.net.pl\/wp-content\/uploads\/2025\/10\/SLA09374-1024x683.jpg 1024w, https:\/\/fotografik.net.pl\/wp-content\/uploads\/2025\/10\/SLA09374-300x200.jpg 300w, https:\/\/fotografik.net.pl\/wp-content\/uploads\/2025\/10\/SLA09374-768x512.jpg 768w, https:\/\/fotografik.net.pl\/wp-content\/uploads\/2025\/10\/SLA09374-1536x1024.jpg 1536w, https:\/\/fotografik.net.pl\/wp-content\/uploads\/2025\/10\/SLA09374.jpg 2048w\" sizes=\"auto, (max-width: 1024px) 100vw, 1024px\" \/><\/figure>\n\n\n\n<figure class=\"wp-block-image size-large\"><img loading=\"lazy\" decoding=\"async\" width=\"1024\" height=\"683\" data-id=\"1305\" src=\"https:\/\/fotografik.net.pl\/wp-content\/uploads\/2025\/10\/SLA09377-1024x683.jpg\" alt=\"\" class=\"wp-image-1305\" srcset=\"https:\/\/fotografik.net.pl\/wp-content\/uploads\/2025\/10\/SLA09377-1024x683.jpg 1024w, https:\/\/fotografik.net.pl\/wp-content\/uploads\/2025\/10\/SLA09377-300x200.jpg 300w, https:\/\/fotografik.net.pl\/wp-content\/uploads\/2025\/10\/SLA09377-768x512.jpg 768w, https:\/\/fotografik.net.pl\/wp-content\/uploads\/2025\/10\/SLA09377-1536x1024.jpg 1536w, https:\/\/fotografik.net.pl\/wp-content\/uploads\/2025\/10\/SLA09377.jpg 2048w\" sizes=\"auto, (max-width: 1024px) 100vw, 1024px\" \/><\/figure>\n\n\n\n<figure class=\"wp-block-image size-large\"><img loading=\"lazy\" decoding=\"async\" width=\"683\" height=\"1024\" data-id=\"1303\" src=\"https:\/\/fotografik.net.pl\/wp-content\/uploads\/2025\/10\/SLA09380-683x1024.jpg\" alt=\"\" class=\"wp-image-1303\" srcset=\"https:\/\/fotografik.net.pl\/wp-content\/uploads\/2025\/10\/SLA09380-683x1024.jpg 683w, https:\/\/fotografik.net.pl\/wp-content\/uploads\/2025\/10\/SLA09380-200x300.jpg 200w, https:\/\/fotografik.net.pl\/wp-content\/uploads\/2025\/10\/SLA09380-768x1152.jpg 768w, https:\/\/fotografik.net.pl\/wp-content\/uploads\/2025\/10\/SLA09380-1024x1536.jpg 1024w, https:\/\/fotografik.net.pl\/wp-content\/uploads\/2025\/10\/SLA09380.jpg 1365w\" sizes=\"auto, (max-width: 683px) 100vw, 683px\" \/><\/figure>\n\n\n\n<figure class=\"wp-block-image size-large\"><img loading=\"lazy\" decoding=\"async\" width=\"1024\" height=\"683\" data-id=\"1309\" src=\"https:\/\/fotografik.net.pl\/wp-content\/uploads\/2025\/10\/SLA09383-1024x683.jpg\" alt=\"\" class=\"wp-image-1309\" srcset=\"https:\/\/fotografik.net.pl\/wp-content\/uploads\/2025\/10\/SLA09383-1024x683.jpg 1024w, https:\/\/fotografik.net.pl\/wp-content\/uploads\/2025\/10\/SLA09383-300x200.jpg 300w, https:\/\/fotografik.net.pl\/wp-content\/uploads\/2025\/10\/SLA09383-768x512.jpg 768w, https:\/\/fotografik.net.pl\/wp-content\/uploads\/2025\/10\/SLA09383-1536x1024.jpg 1536w, https:\/\/fotografik.net.pl\/wp-content\/uploads\/2025\/10\/SLA09383.jpg 2048w\" sizes=\"auto, (max-width: 1024px) 100vw, 1024px\" \/><\/figure>\n\n\n\n<figure class=\"wp-block-image size-large\"><img loading=\"lazy\" decoding=\"async\" width=\"1024\" height=\"683\" data-id=\"1307\" src=\"https:\/\/fotografik.net.pl\/wp-content\/uploads\/2025\/10\/SLA09385-1024x683.jpg\" alt=\"\" class=\"wp-image-1307\" srcset=\"https:\/\/fotografik.net.pl\/wp-content\/uploads\/2025\/10\/SLA09385-1024x683.jpg 1024w, https:\/\/fotografik.net.pl\/wp-content\/uploads\/2025\/10\/SLA09385-300x200.jpg 300w, https:\/\/fotografik.net.pl\/wp-content\/uploads\/2025\/10\/SLA09385-768x512.jpg 768w, https:\/\/fotografik.net.pl\/wp-content\/uploads\/2025\/10\/SLA09385-1536x1024.jpg 1536w, https:\/\/fotografik.net.pl\/wp-content\/uploads\/2025\/10\/SLA09385.jpg 2048w\" sizes=\"auto, (max-width: 1024px) 100vw, 1024px\" \/><\/figure>\n\n\n\n<figure class=\"wp-block-image size-large\"><img loading=\"lazy\" decoding=\"async\" width=\"1024\" height=\"683\" data-id=\"1300\" src=\"https:\/\/fotografik.net.pl\/wp-content\/uploads\/2025\/10\/SLA09388-1024x683.jpg\" alt=\"\" class=\"wp-image-1300\" srcset=\"https:\/\/fotografik.net.pl\/wp-content\/uploads\/2025\/10\/SLA09388-1024x683.jpg 1024w, https:\/\/fotografik.net.pl\/wp-content\/uploads\/2025\/10\/SLA09388-300x200.jpg 300w, https:\/\/fotografik.net.pl\/wp-content\/uploads\/2025\/10\/SLA09388-768x512.jpg 768w, https:\/\/fotografik.net.pl\/wp-content\/uploads\/2025\/10\/SLA09388-1536x1024.jpg 1536w, https:\/\/fotografik.net.pl\/wp-content\/uploads\/2025\/10\/SLA09388.jpg 2048w\" sizes=\"auto, (max-width: 1024px) 100vw, 1024px\" \/><\/figure>\n\n\n\n<figure class=\"wp-block-image size-large\"><img loading=\"lazy\" decoding=\"async\" width=\"1024\" height=\"683\" data-id=\"1296\" src=\"https:\/\/fotografik.net.pl\/wp-content\/uploads\/2025\/10\/SLA09392-1024x683.jpg\" alt=\"\" class=\"wp-image-1296\" srcset=\"https:\/\/fotografik.net.pl\/wp-content\/uploads\/2025\/10\/SLA09392-1024x683.jpg 1024w, https:\/\/fotografik.net.pl\/wp-content\/uploads\/2025\/10\/SLA09392-300x200.jpg 300w, https:\/\/fotografik.net.pl\/wp-content\/uploads\/2025\/10\/SLA09392-768x512.jpg 768w, https:\/\/fotografik.net.pl\/wp-content\/uploads\/2025\/10\/SLA09392-1536x1024.jpg 1536w, https:\/\/fotografik.net.pl\/wp-content\/uploads\/2025\/10\/SLA09392.jpg 2048w\" sizes=\"auto, (max-width: 1024px) 100vw, 1024px\" \/><\/figure>\n\n\n\n<figure class=\"wp-block-image size-large\"><img loading=\"lazy\" decoding=\"async\" width=\"1024\" height=\"683\" data-id=\"1284\" src=\"https:\/\/fotografik.net.pl\/wp-content\/uploads\/2025\/10\/SLA09397-1024x683.jpg\" alt=\"\" class=\"wp-image-1284\" srcset=\"https:\/\/fotografik.net.pl\/wp-content\/uploads\/2025\/10\/SLA09397-1024x683.jpg 1024w, https:\/\/fotografik.net.pl\/wp-content\/uploads\/2025\/10\/SLA09397-300x200.jpg 300w, https:\/\/fotografik.net.pl\/wp-content\/uploads\/2025\/10\/SLA09397-768x512.jpg 768w, https:\/\/fotografik.net.pl\/wp-content\/uploads\/2025\/10\/SLA09397-1536x1024.jpg 1536w, https:\/\/fotografik.net.pl\/wp-content\/uploads\/2025\/10\/SLA09397.jpg 2048w\" sizes=\"auto, (max-width: 1024px) 100vw, 1024px\" \/><\/figure>\n\n\n\n<figure class=\"wp-block-image size-large\"><img loading=\"lazy\" decoding=\"async\" width=\"1024\" height=\"683\" data-id=\"1293\" src=\"https:\/\/fotografik.net.pl\/wp-content\/uploads\/2025\/10\/SLA09401-1024x683.jpg\" alt=\"\" class=\"wp-image-1293\" srcset=\"https:\/\/fotografik.net.pl\/wp-content\/uploads\/2025\/10\/SLA09401-1024x683.jpg 1024w, https:\/\/fotografik.net.pl\/wp-content\/uploads\/2025\/10\/SLA09401-300x200.jpg 300w, https:\/\/fotografik.net.pl\/wp-content\/uploads\/2025\/10\/SLA09401-768x512.jpg 768w, https:\/\/fotografik.net.pl\/wp-content\/uploads\/2025\/10\/SLA09401-1536x1024.jpg 1536w, https:\/\/fotografik.net.pl\/wp-content\/uploads\/2025\/10\/SLA09401.jpg 2048w\" sizes=\"auto, (max-width: 1024px) 100vw, 1024px\" \/><\/figure>\n\n\n\n<figure class=\"wp-block-image size-large\"><img loading=\"lazy\" decoding=\"async\" width=\"683\" height=\"1024\" data-id=\"1285\" src=\"https:\/\/fotografik.net.pl\/wp-content\/uploads\/2025\/10\/SLA09405-683x1024.jpg\" alt=\"\" class=\"wp-image-1285\" srcset=\"https:\/\/fotografik.net.pl\/wp-content\/uploads\/2025\/10\/SLA09405-683x1024.jpg 683w, https:\/\/fotografik.net.pl\/wp-content\/uploads\/2025\/10\/SLA09405-200x300.jpg 200w, https:\/\/fotografik.net.pl\/wp-content\/uploads\/2025\/10\/SLA09405-768x1152.jpg 768w, https:\/\/fotografik.net.pl\/wp-content\/uploads\/2025\/10\/SLA09405-1024x1536.jpg 1024w, https:\/\/fotografik.net.pl\/wp-content\/uploads\/2025\/10\/SLA09405.jpg 1365w\" sizes=\"auto, (max-width: 683px) 100vw, 683px\" \/><\/figure>\n\n\n\n<figure class=\"wp-block-image size-large\"><img loading=\"lazy\" decoding=\"async\" width=\"1024\" height=\"683\" data-id=\"1311\" src=\"https:\/\/fotografik.net.pl\/wp-content\/uploads\/2025\/10\/SLA09407-1024x683.jpg\" alt=\"\" class=\"wp-image-1311\" srcset=\"https:\/\/fotografik.net.pl\/wp-content\/uploads\/2025\/10\/SLA09407-1024x683.jpg 1024w, https:\/\/fotografik.net.pl\/wp-content\/uploads\/2025\/10\/SLA09407-300x200.jpg 300w, https:\/\/fotografik.net.pl\/wp-content\/uploads\/2025\/10\/SLA09407-768x512.jpg 768w, https:\/\/fotografik.net.pl\/wp-content\/uploads\/2025\/10\/SLA09407-1536x1024.jpg 1536w, https:\/\/fotografik.net.pl\/wp-content\/uploads\/2025\/10\/SLA09407.jpg 2048w\" sizes=\"auto, (max-width: 1024px) 100vw, 1024px\" \/><\/figure>\n\n\n\n<figure class=\"wp-block-image size-large\"><img loading=\"lazy\" decoding=\"async\" width=\"1024\" height=\"683\" data-id=\"1312\" src=\"https:\/\/fotografik.net.pl\/wp-content\/uploads\/2025\/10\/SLA09409-1024x683.jpg\" alt=\"\" class=\"wp-image-1312\" srcset=\"https:\/\/fotografik.net.pl\/wp-content\/uploads\/2025\/10\/SLA09409-1024x683.jpg 1024w, https:\/\/fotografik.net.pl\/wp-content\/uploads\/2025\/10\/SLA09409-300x200.jpg 300w, https:\/\/fotografik.net.pl\/wp-content\/uploads\/2025\/10\/SLA09409-768x512.jpg 768w, https:\/\/fotografik.net.pl\/wp-content\/uploads\/2025\/10\/SLA09409-1536x1024.jpg 1536w, https:\/\/fotografik.net.pl\/wp-content\/uploads\/2025\/10\/SLA09409.jpg 2048w\" sizes=\"auto, (max-width: 1024px) 100vw, 1024px\" \/><\/figure>\n\n\n\n<figure class=\"wp-block-image size-large\"><img loading=\"lazy\" decoding=\"async\" width=\"1024\" height=\"683\" data-id=\"1287\" src=\"https:\/\/fotografik.net.pl\/wp-content\/uploads\/2025\/10\/SLA09411-1024x683.jpg\" alt=\"\" class=\"wp-image-1287\" srcset=\"https:\/\/fotografik.net.pl\/wp-content\/uploads\/2025\/10\/SLA09411-1024x683.jpg 1024w, https:\/\/fotografik.net.pl\/wp-content\/uploads\/2025\/10\/SLA09411-300x200.jpg 300w, https:\/\/fotografik.net.pl\/wp-content\/uploads\/2025\/10\/SLA09411-768x512.jpg 768w, https:\/\/fotografik.net.pl\/wp-content\/uploads\/2025\/10\/SLA09411-1536x1024.jpg 1536w, https:\/\/fotografik.net.pl\/wp-content\/uploads\/2025\/10\/SLA09411.jpg 2048w\" sizes=\"auto, (max-width: 1024px) 100vw, 1024px\" \/><\/figure>\n\n\n\n<figure class=\"wp-block-image size-large\"><img loading=\"lazy\" decoding=\"async\" width=\"1024\" height=\"683\" data-id=\"1288\" src=\"https:\/\/fotografik.net.pl\/wp-content\/uploads\/2025\/10\/SLA09413-1024x683.jpg\" alt=\"\" class=\"wp-image-1288\" srcset=\"https:\/\/fotografik.net.pl\/wp-content\/uploads\/2025\/10\/SLA09413-1024x683.jpg 1024w, https:\/\/fotografik.net.pl\/wp-content\/uploads\/2025\/10\/SLA09413-300x200.jpg 300w, https:\/\/fotografik.net.pl\/wp-content\/uploads\/2025\/10\/SLA09413-768x512.jpg 768w, https:\/\/fotografik.net.pl\/wp-content\/uploads\/2025\/10\/SLA09413-1536x1024.jpg 1536w, https:\/\/fotografik.net.pl\/wp-content\/uploads\/2025\/10\/SLA09413.jpg 2048w\" sizes=\"auto, (max-width: 1024px) 100vw, 1024px\" \/><\/figure>\n\n\n\n<figure class=\"wp-block-image size-large\"><img loading=\"lazy\" decoding=\"async\" width=\"1024\" height=\"683\" data-id=\"1289\" src=\"https:\/\/fotografik.net.pl\/wp-content\/uploads\/2025\/10\/SLA09414-1024x683.jpg\" alt=\"\" class=\"wp-image-1289\" srcset=\"https:\/\/fotografik.net.pl\/wp-content\/uploads\/2025\/10\/SLA09414-1024x683.jpg 1024w, https:\/\/fotografik.net.pl\/wp-content\/uploads\/2025\/10\/SLA09414-300x200.jpg 300w, https:\/\/fotografik.net.pl\/wp-content\/uploads\/2025\/10\/SLA09414-768x512.jpg 768w, https:\/\/fotografik.net.pl\/wp-content\/uploads\/2025\/10\/SLA09414-1536x1024.jpg 1536w, https:\/\/fotografik.net.pl\/wp-content\/uploads\/2025\/10\/SLA09414.jpg 2048w\" sizes=\"auto, (max-width: 1024px) 100vw, 1024px\" \/><\/figure>\n\n\n\n<figure class=\"wp-block-image size-large\"><img loading=\"lazy\" decoding=\"async\" width=\"1024\" height=\"683\" data-id=\"1292\" src=\"https:\/\/fotografik.net.pl\/wp-content\/uploads\/2025\/10\/SLA09416-1024x683.jpg\" alt=\"\" class=\"wp-image-1292\" srcset=\"https:\/\/fotografik.net.pl\/wp-content\/uploads\/2025\/10\/SLA09416-1024x683.jpg 1024w, https:\/\/fotografik.net.pl\/wp-content\/uploads\/2025\/10\/SLA09416-300x200.jpg 300w, https:\/\/fotografik.net.pl\/wp-content\/uploads\/2025\/10\/SLA09416-768x512.jpg 768w, https:\/\/fotografik.net.pl\/wp-content\/uploads\/2025\/10\/SLA09416-1536x1024.jpg 1536w, https:\/\/fotografik.net.pl\/wp-content\/uploads\/2025\/10\/SLA09416.jpg 2048w\" sizes=\"auto, (max-width: 1024px) 100vw, 1024px\" \/><\/figure>\n\n\n\n<figure class=\"wp-block-image size-large\"><img loading=\"lazy\" decoding=\"async\" width=\"1024\" height=\"683\" data-id=\"1310\" src=\"https:\/\/fotografik.net.pl\/wp-content\/uploads\/2025\/10\/SLA09418-1024x683.jpg\" alt=\"\" class=\"wp-image-1310\" srcset=\"https:\/\/fotografik.net.pl\/wp-content\/uploads\/2025\/10\/SLA09418-1024x683.jpg 1024w, https:\/\/fotografik.net.pl\/wp-content\/uploads\/2025\/10\/SLA09418-300x200.jpg 300w, https:\/\/fotografik.net.pl\/wp-content\/uploads\/2025\/10\/SLA09418-768x512.jpg 768w, https:\/\/fotografik.net.pl\/wp-content\/uploads\/2025\/10\/SLA09418-1536x1024.jpg 1536w, https:\/\/fotografik.net.pl\/wp-content\/uploads\/2025\/10\/SLA09418.jpg 2048w\" sizes=\"auto, (max-width: 1024px) 100vw, 1024px\" \/><\/figure>\n\n\n\n<figure class=\"wp-block-image size-large\"><img loading=\"lazy\" decoding=\"async\" width=\"1024\" height=\"683\" data-id=\"1295\" src=\"https:\/\/fotografik.net.pl\/wp-content\/uploads\/2025\/10\/SLA09421-1024x683.jpg\" alt=\"\" class=\"wp-image-1295\" srcset=\"https:\/\/fotografik.net.pl\/wp-content\/uploads\/2025\/10\/SLA09421-1024x683.jpg 1024w, https:\/\/fotografik.net.pl\/wp-content\/uploads\/2025\/10\/SLA09421-300x200.jpg 300w, https:\/\/fotografik.net.pl\/wp-content\/uploads\/2025\/10\/SLA09421-768x512.jpg 768w, https:\/\/fotografik.net.pl\/wp-content\/uploads\/2025\/10\/SLA09421-1536x1024.jpg 1536w, https:\/\/fotografik.net.pl\/wp-content\/uploads\/2025\/10\/SLA09421.jpg 2048w\" sizes=\"auto, (max-width: 1024px) 100vw, 1024px\" \/><\/figure>\n\n\n\n<figure class=\"wp-block-image size-large\"><img loading=\"lazy\" decoding=\"async\" width=\"1024\" height=\"683\" data-id=\"1283\" src=\"https:\/\/fotografik.net.pl\/wp-content\/uploads\/2025\/10\/SLA09424-1024x683.jpg\" alt=\"\" class=\"wp-image-1283\" srcset=\"https:\/\/fotografik.net.pl\/wp-content\/uploads\/2025\/10\/SLA09424-1024x683.jpg 1024w, https:\/\/fotografik.net.pl\/wp-content\/uploads\/2025\/10\/SLA09424-300x200.jpg 300w, https:\/\/fotografik.net.pl\/wp-content\/uploads\/2025\/10\/SLA09424-768x512.jpg 768w, https:\/\/fotografik.net.pl\/wp-content\/uploads\/2025\/10\/SLA09424-1536x1024.jpg 1536w, https:\/\/fotografik.net.pl\/wp-content\/uploads\/2025\/10\/SLA09424.jpg 2048w\" sizes=\"auto, (max-width: 1024px) 100vw, 1024px\" \/><\/figure>\n\n\n\n<figure class=\"wp-block-image size-large\"><img loading=\"lazy\" decoding=\"async\" width=\"683\" height=\"1024\" data-id=\"1294\" src=\"https:\/\/fotografik.net.pl\/wp-content\/uploads\/2025\/10\/SLA09427-683x1024.jpg\" alt=\"\" class=\"wp-image-1294\" srcset=\"https:\/\/fotografik.net.pl\/wp-content\/uploads\/2025\/10\/SLA09427-683x1024.jpg 683w, https:\/\/fotografik.net.pl\/wp-content\/uploads\/2025\/10\/SLA09427-200x300.jpg 200w, https:\/\/fotografik.net.pl\/wp-content\/uploads\/2025\/10\/SLA09427-768x1152.jpg 768w, https:\/\/fotografik.net.pl\/wp-content\/uploads\/2025\/10\/SLA09427-1024x1536.jpg 1024w, https:\/\/fotografik.net.pl\/wp-content\/uploads\/2025\/10\/SLA09427.jpg 1365w\" sizes=\"auto, (max-width: 683px) 100vw, 683px\" \/><\/figure>\n\n\n\n<figure class=\"wp-block-image size-large\"><img loading=\"lazy\" decoding=\"async\" width=\"683\" height=\"1024\" data-id=\"1299\" src=\"https:\/\/fotografik.net.pl\/wp-content\/uploads\/2025\/10\/SLA09430-683x1024.jpg\" alt=\"\" class=\"wp-image-1299\" srcset=\"https:\/\/fotografik.net.pl\/wp-content\/uploads\/2025\/10\/SLA09430-683x1024.jpg 683w, https:\/\/fotografik.net.pl\/wp-content\/uploads\/2025\/10\/SLA09430-200x300.jpg 200w, https:\/\/fotografik.net.pl\/wp-content\/uploads\/2025\/10\/SLA09430-768x1152.jpg 768w, https:\/\/fotografik.net.pl\/wp-content\/uploads\/2025\/10\/SLA09430-1024x1536.jpg 1024w, https:\/\/fotografik.net.pl\/wp-content\/uploads\/2025\/10\/SLA09430.jpg 1365w\" sizes=\"auto, (max-width: 683px) 100vw, 683px\" \/><\/figure>\n\n\n\n<figure class=\"wp-block-image size-large\"><img loading=\"lazy\" decoding=\"async\" width=\"1024\" height=\"683\" data-id=\"1286\" src=\"https:\/\/fotografik.net.pl\/wp-content\/uploads\/2025\/10\/SLA09434-1024x683.jpg\" alt=\"\" class=\"wp-image-1286\" srcset=\"https:\/\/fotografik.net.pl\/wp-content\/uploads\/2025\/10\/SLA09434-1024x683.jpg 1024w, https:\/\/fotografik.net.pl\/wp-content\/uploads\/2025\/10\/SLA09434-300x200.jpg 300w, https:\/\/fotografik.net.pl\/wp-content\/uploads\/2025\/10\/SLA09434-768x512.jpg 768w, https:\/\/fotografik.net.pl\/wp-content\/uploads\/2025\/10\/SLA09434-1536x1024.jpg 1536w, https:\/\/fotografik.net.pl\/wp-content\/uploads\/2025\/10\/SLA09434.jpg 2048w\" sizes=\"auto, (max-width: 1024px) 100vw, 1024px\" \/><\/figure>\n<\/figure>\n","protected":false},"excerpt":{"rendered":"","protected":false},"author":1,"featured_media":0,"parent":455,"menu_order":0,"comment_status":"closed","ping_status":"closed","template":"","meta":{"footnotes":""},"class_list":["post-1282","page","type-page","status-publish","hentry"],"_links":{"self":[{"href":"https:\/\/fotografik.net.pl\/index.php?rest_route=\/wp\/v2\/pages\/1282","targetHints":{"allow":["GET"]}}],"collection":[{"href":"https:\/\/fotografik.net.pl\/index.php?rest_route=\/wp\/v2\/pages"}],"about":[{"href":"https:\/\/fotografik.net.pl\/index.php?rest_route=\/wp\/v2\/types\/page"}],"author":[{"embeddable":true,"href":"https:\/\/fotografik.net.pl\/index.php?rest_route=\/wp\/v2\/users\/1"}],"replies":[{"embeddable":true,"href":"https:\/\/fotografik.net.pl\/index.php?rest_route=%2Fwp%2Fv2%2Fcomments&post=1282"}],"version-history":[{"count":2,"href":"https:\/\/fotografik.net.pl\/index.php?rest_route=\/wp\/v2\/pages\/1282\/revisions"}],"predecessor-version":[{"id":1314,"href":"https:\/\/fotografik.net.pl\/index.php?rest_route=\/wp\/v2\/pages\/1282\/revisions\/1314"}],"up":[{"embeddable":true,"href":"https:\/\/fotografik.net.pl\/index.php?rest_route=\/wp\/v2\/pages\/455"}],"wp:attachment":[{"href":"https:\/\/fotografik.net.pl\/index.php?rest_route=%2Fwp%2Fv2%2Fmedia&parent=1282"}],"curies":[{"name":"wp","href":"https:\/\/api.w.org\/{rel}","templated":true}]}}