{"id":378,"date":"2024-11-04T10:20:00","date_gmt":"2024-11-04T09:20:00","guid":{"rendered":"https:\/\/fotografik.net.pl\/?page_id=378"},"modified":"2025-10-09T19:20:07","modified_gmt":"2025-10-09T17:20:07","slug":"jesien","status":"publish","type":"page","link":"https:\/\/fotografik.net.pl\/?page_id=378","title":{"rendered":"Jesie\u0144"},"content":{"rendered":"\n<div class=\"wp-block-media-text is-stacked-on-mobile\" style=\"grid-template-columns:70% auto\"><figure class=\"wp-block-media-text__media\"><a href=\"https:\/\/fotografik.net.pl\/?page_id=394\"><img loading=\"lazy\" decoding=\"async\" width=\"2048\" height=\"1365\" src=\"https:\/\/fotografik.net.pl\/wp-content\/uploads\/2024\/11\/SLA06518.jpg\" alt=\"\" class=\"wp-image-393 size-full\" srcset=\"https:\/\/fotografik.net.pl\/wp-content\/uploads\/2024\/11\/SLA06518.jpg 2048w, https:\/\/fotografik.net.pl\/wp-content\/uploads\/2024\/11\/SLA06518-300x200.jpg 300w, https:\/\/fotografik.net.pl\/wp-content\/uploads\/2024\/11\/SLA06518-1024x683.jpg 1024w, https:\/\/fotografik.net.pl\/wp-content\/uploads\/2024\/11\/SLA06518-768x512.jpg 768w, https:\/\/fotografik.net.pl\/wp-content\/uploads\/2024\/11\/SLA06518-1536x1024.jpg 1536w\" sizes=\"auto, (max-width: 2048px) 100vw, 2048px\" \/><\/a><\/figure><div class=\"wp-block-media-text__content\">\n<p><a href=\"https:\/\/fotografik.net.pl\/?page_id=394\">Las R\u0119dzi\u0144ski<\/a><\/p>\n<\/div><\/div>\n\n\n\n<div class=\"wp-block-media-text is-stacked-on-mobile\" style=\"grid-template-columns:70% auto\"><figure class=\"wp-block-media-text__media\"><a href=\"https:\/\/fotografik.net.pl\/?page_id=912\"><img loading=\"lazy\" decoding=\"async\" width=\"1024\" height=\"683\" src=\"https:\/\/fotografik.net.pl\/wp-content\/uploads\/2024\/11\/SLA01131-1024x683.jpg\" alt=\"\" class=\"wp-image-920 size-full\" srcset=\"https:\/\/fotografik.net.pl\/wp-content\/uploads\/2024\/11\/SLA01131-1024x683.jpg 1024w, https:\/\/fotografik.net.pl\/wp-content\/uploads\/2024\/11\/SLA01131-300x200.jpg 300w, https:\/\/fotografik.net.pl\/wp-content\/uploads\/2024\/11\/SLA01131-768x512.jpg 768w, https:\/\/fotografik.net.pl\/wp-content\/uploads\/2024\/11\/SLA01131-1536x1024.jpg 1536w, https:\/\/fotografik.net.pl\/wp-content\/uploads\/2024\/11\/SLA01131.jpg 1800w\" sizes=\"auto, (max-width: 1024px) 100vw, 1024px\" \/><\/a><\/figure><div class=\"wp-block-media-text__content\">\n<p><a href=\"https:\/\/fotografik.net.pl\/?page_id=912\">Jesie\u0144 w Dolinie Widawy<\/a><\/p>\n<\/div><\/div>\n\n\n\n<div class=\"wp-block-media-text is-stacked-on-mobile\" style=\"grid-template-columns:70% auto\"><figure class=\"wp-block-media-text__media\"><a href=\"https:\/\/fotografik.net.pl\/?page_id=451\"><img loading=\"lazy\" decoding=\"async\" width=\"1024\" height=\"683\" src=\"https:\/\/fotografik.net.pl\/wp-content\/uploads\/2024\/11\/SLA00680-1024x683.jpg\" alt=\"\" class=\"wp-image-443 size-full\" srcset=\"https:\/\/fotografik.net.pl\/wp-content\/uploads\/2024\/11\/SLA00680-1024x683.jpg 1024w, https:\/\/fotografik.net.pl\/wp-content\/uploads\/2024\/11\/SLA00680-300x200.jpg 300w, https:\/\/fotografik.net.pl\/wp-content\/uploads\/2024\/11\/SLA00680-768x512.jpg 768w, https:\/\/fotografik.net.pl\/wp-content\/uploads\/2024\/11\/SLA00680-1536x1024.jpg 1536w, https:\/\/fotografik.net.pl\/wp-content\/uploads\/2024\/11\/SLA00680.jpg 1800w\" sizes=\"auto, (max-width: 1024px) 100vw, 1024px\" \/><\/a><\/figure><div class=\"wp-block-media-text__content\">\n<p><a href=\"https:\/\/fotografik.net.pl\/?page_id=451\">Barwy jesieni<\/a><\/p>\n<\/div><\/div>\n\n\n\n<div class=\"wp-block-media-text is-stacked-on-mobile\" style=\"grid-template-columns:70% auto\"><figure class=\"wp-block-media-text__media\"><a href=\"https:\/\/fotografik.net.pl\/?page_id=418\"><img loading=\"lazy\" decoding=\"async\" width=\"1024\" height=\"683\" src=\"https:\/\/fotografik.net.pl\/wp-content\/uploads\/2024\/11\/SLA06442-1024x683.jpg\" alt=\"\" class=\"wp-image-415 size-full\" srcset=\"https:\/\/fotografik.net.pl\/wp-content\/uploads\/2024\/11\/SLA06442-1024x683.jpg 1024w, https:\/\/fotografik.net.pl\/wp-content\/uploads\/2024\/11\/SLA06442-300x200.jpg 300w, https:\/\/fotografik.net.pl\/wp-content\/uploads\/2024\/11\/SLA06442-768x512.jpg 768w, https:\/\/fotografik.net.pl\/wp-content\/uploads\/2024\/11\/SLA06442-1536x1024.jpg 1536w, https:\/\/fotografik.net.pl\/wp-content\/uploads\/2024\/11\/SLA06442.jpg 2048w\" sizes=\"auto, (max-width: 1024px) 100vw, 1024px\" \/><\/a><\/figure><div class=\"wp-block-media-text__content\">\n<p><a href=\"https:\/\/fotografik.net.pl\/?page_id=418\">Nadodrza\u0144skie \u0142\u0105ki<\/a><\/p>\n<\/div><\/div>\n\n\n\n<div class=\"wp-block-media-text is-stacked-on-mobile\" style=\"grid-template-columns:70% auto\"><figure class=\"wp-block-media-text__media\"><a href=\"https:\/\/fotografik.net.pl\/?page_id=694\"><img loading=\"lazy\" decoding=\"async\" width=\"1024\" height=\"683\" src=\"https:\/\/fotografik.net.pl\/wp-content\/uploads\/2024\/11\/o2-1024x683.jpg\" alt=\"\" class=\"wp-image-697 size-full\" srcset=\"https:\/\/fotografik.net.pl\/wp-content\/uploads\/2024\/11\/o2-1024x683.jpg 1024w, https:\/\/fotografik.net.pl\/wp-content\/uploads\/2024\/11\/o2-300x200.jpg 300w, https:\/\/fotografik.net.pl\/wp-content\/uploads\/2024\/11\/o2-768x512.jpg 768w, https:\/\/fotografik.net.pl\/wp-content\/uploads\/2024\/11\/o2-1536x1024.jpg 1536w, https:\/\/fotografik.net.pl\/wp-content\/uploads\/2024\/11\/o2.jpg 2048w\" sizes=\"auto, (max-width: 1024px) 100vw, 1024px\" \/><\/a><\/figure><div class=\"wp-block-media-text__content\">\n<p><a href=\"https:\/\/fotografik.net.pl\/?page_id=694\">Nad Widaw\u0105<\/a><\/p>\n<\/div><\/div>\n\n\n\n<div class=\"wp-block-media-text is-stacked-on-mobile\" style=\"grid-template-columns:70% auto\"><figure class=\"wp-block-media-text__media\"><a href=\"https:\/\/fotografik.net.pl\/?page_id=792\"><img loading=\"lazy\" decoding=\"async\" width=\"1024\" height=\"683\" src=\"https:\/\/fotografik.net.pl\/wp-content\/uploads\/2024\/11\/SLA00805-1024x683.jpg\" alt=\"\" class=\"wp-image-810 size-full\" srcset=\"https:\/\/fotografik.net.pl\/wp-content\/uploads\/2024\/11\/SLA00805-1024x683.jpg 1024w, https:\/\/fotografik.net.pl\/wp-content\/uploads\/2024\/11\/SLA00805-300x200.jpg 300w, https:\/\/fotografik.net.pl\/wp-content\/uploads\/2024\/11\/SLA00805-768x512.jpg 768w, https:\/\/fotografik.net.pl\/wp-content\/uploads\/2024\/11\/SLA00805-1536x1024.jpg 1536w, https:\/\/fotografik.net.pl\/wp-content\/uploads\/2024\/11\/SLA00805.jpg 1800w\" sizes=\"auto, (max-width: 1024px) 100vw, 1024px\" \/><\/a><\/figure><div class=\"wp-block-media-text__content\">\n<p><a href=\"https:\/\/fotografik.net.pl\/?page_id=792\">Las Osobowicki<\/a><\/p>\n<\/div><\/div>\n\n\n\n<div class=\"wp-block-media-text is-stacked-on-mobile\" style=\"grid-template-columns:70% auto\"><figure class=\"wp-block-media-text__media\"><a href=\"https:\/\/fotografik.net.pl\/?page_id=823\"><img loading=\"lazy\" decoding=\"async\" width=\"1024\" height=\"683\" src=\"https:\/\/fotografik.net.pl\/wp-content\/uploads\/2024\/11\/SLA00848-1024x683.jpg\" alt=\"\" class=\"wp-image-826 size-full\" srcset=\"https:\/\/fotografik.net.pl\/wp-content\/uploads\/2024\/11\/SLA00848-1024x683.jpg 1024w, https:\/\/fotografik.net.pl\/wp-content\/uploads\/2024\/11\/SLA00848-300x200.jpg 300w, https:\/\/fotografik.net.pl\/wp-content\/uploads\/2024\/11\/SLA00848-768x512.jpg 768w, https:\/\/fotografik.net.pl\/wp-content\/uploads\/2024\/11\/SLA00848-1536x1024.jpg 1536w, https:\/\/fotografik.net.pl\/wp-content\/uploads\/2024\/11\/SLA00848.jpg 1800w\" sizes=\"auto, (max-width: 1024px) 100vw, 1024px\" \/><\/a><\/figure><div class=\"wp-block-media-text__content\">\n<p><a href=\"https:\/\/fotografik.net.pl\/?page_id=823\">Jesienne grzybobranie<\/a><\/p>\n<\/div><\/div>\n\n\n\n<div class=\"wp-block-media-text is-stacked-on-mobile\" style=\"grid-template-columns:70% auto\"><figure class=\"wp-block-media-text__media\"><a href=\"https:\/\/fotografik.net.pl\/?page_id=962\"><img loading=\"lazy\" decoding=\"async\" width=\"1024\" height=\"683\" src=\"https:\/\/fotografik.net.pl\/wp-content\/uploads\/2024\/11\/SLA01259-1024x683.jpg\" alt=\"\" class=\"wp-image-964 size-full\" srcset=\"https:\/\/fotografik.net.pl\/wp-content\/uploads\/2024\/11\/SLA01259-1024x683.jpg 1024w, https:\/\/fotografik.net.pl\/wp-content\/uploads\/2024\/11\/SLA01259-300x200.jpg 300w, https:\/\/fotografik.net.pl\/wp-content\/uploads\/2024\/11\/SLA01259-768x512.jpg 768w, https:\/\/fotografik.net.pl\/wp-content\/uploads\/2024\/11\/SLA01259-1536x1024.jpg 1536w, https:\/\/fotografik.net.pl\/wp-content\/uploads\/2024\/11\/SLA01259.jpg 1800w\" sizes=\"auto, (max-width: 1024px) 100vw, 1024px\" \/><\/a><\/figure><div class=\"wp-block-media-text__content\">\n<p><a href=\"https:\/\/fotografik.net.pl\/?page_id=962\">Jesie\u0144 na nadodrza\u0144skich \u0142\u0105kach<\/a><\/p>\n<\/div><\/div>\n\n\n\n<div class=\"wp-block-media-text is-stacked-on-mobile\" style=\"grid-template-columns:70% auto\"><figure class=\"wp-block-media-text__media\"><a href=\"https:\/\/fotografik.net.pl\/?page_id=758\"><img loading=\"lazy\" decoding=\"async\" width=\"1024\" height=\"683\" src=\"https:\/\/fotografik.net.pl\/wp-content\/uploads\/2024\/11\/SLA00647-1024x683.jpg\" alt=\"\" class=\"wp-image-768 size-full\" srcset=\"https:\/\/fotografik.net.pl\/wp-content\/uploads\/2024\/11\/SLA00647-1024x683.jpg 1024w, https:\/\/fotografik.net.pl\/wp-content\/uploads\/2024\/11\/SLA00647-300x200.jpg 300w, https:\/\/fotografik.net.pl\/wp-content\/uploads\/2024\/11\/SLA00647-768x512.jpg 768w, https:\/\/fotografik.net.pl\/wp-content\/uploads\/2024\/11\/SLA00647-1536x1024.jpg 1536w, https:\/\/fotografik.net.pl\/wp-content\/uploads\/2024\/11\/SLA00647.jpg 1800w\" sizes=\"auto, (max-width: 1024px) 100vw, 1024px\" \/><\/a><\/figure><div class=\"wp-block-media-text__content\">\n<p><a href=\"https:\/\/fotografik.net.pl\/?page_id=758\">Czerwona jesie\u0144<\/a><\/p>\n<\/div><\/div>\n\n\n\n<div class=\"wp-block-media-text is-stacked-on-mobile\" style=\"grid-template-columns:70% auto\"><figure class=\"wp-block-media-text__media\"><a href=\"https:\/\/fotografik.net.pl\/?page_id=834\"><img loading=\"lazy\" decoding=\"async\" width=\"1024\" height=\"683\" src=\"https:\/\/fotografik.net.pl\/wp-content\/uploads\/2024\/11\/SLA00967-1024x683.jpg\" alt=\"\" class=\"wp-image-842 size-full\" srcset=\"https:\/\/fotografik.net.pl\/wp-content\/uploads\/2024\/11\/SLA00967-1024x683.jpg 1024w, https:\/\/fotografik.net.pl\/wp-content\/uploads\/2024\/11\/SLA00967-300x200.jpg 300w, https:\/\/fotografik.net.pl\/wp-content\/uploads\/2024\/11\/SLA00967-768x512.jpg 768w, https:\/\/fotografik.net.pl\/wp-content\/uploads\/2024\/11\/SLA00967-1536x1024.jpg 1536w, https:\/\/fotografik.net.pl\/wp-content\/uploads\/2024\/11\/SLA00967.jpg 1800w\" sizes=\"auto, (max-width: 1024px) 100vw, 1024px\" \/><\/a><\/figure><div class=\"wp-block-media-text__content\">\n<p><a href=\"https:\/\/fotografik.net.pl\/?page_id=834\">W krainie kolor\u00f3w<\/a><\/p>\n<\/div><\/div>\n\n\n\n<div class=\"wp-block-media-text is-stacked-on-mobile\" style=\"grid-template-columns:70% auto\"><figure class=\"wp-block-media-text__media\"><a href=\"https:\/\/fotografik.net.pl\/?page_id=874\"><img loading=\"lazy\" decoding=\"async\" width=\"1024\" height=\"683\" src=\"https:\/\/fotografik.net.pl\/wp-content\/uploads\/2024\/11\/SLA01075-1024x683.jpg\" alt=\"\" class=\"wp-image-895 size-full\" srcset=\"https:\/\/fotografik.net.pl\/wp-content\/uploads\/2024\/11\/SLA01075-1024x683.jpg 1024w, https:\/\/fotografik.net.pl\/wp-content\/uploads\/2024\/11\/SLA01075-300x200.jpg 300w, https:\/\/fotografik.net.pl\/wp-content\/uploads\/2024\/11\/SLA01075-768x512.jpg 768w, https:\/\/fotografik.net.pl\/wp-content\/uploads\/2024\/11\/SLA01075-1536x1024.jpg 1536w, https:\/\/fotografik.net.pl\/wp-content\/uploads\/2024\/11\/SLA01075.jpg 1800w\" sizes=\"auto, (max-width: 1024px) 100vw, 1024px\" \/><\/a><\/figure><div class=\"wp-block-media-text__content\">\n<p><a href=\"https:\/\/fotografik.net.pl\/?page_id=874\">Las R\u0119dzi\u0144ski<\/a><\/p>\n<\/div><\/div>\n\n\n\n<div class=\"wp-block-media-text is-stacked-on-mobile\" style=\"grid-template-columns:70% auto\"><figure class=\"wp-block-media-text__media\"><a href=\"https:\/\/fotografik.net.pl\/?page_id=987\"><img loading=\"lazy\" decoding=\"async\" width=\"1024\" height=\"683\" src=\"https:\/\/fotografik.net.pl\/wp-content\/uploads\/2024\/11\/SLA01345-1024x683.jpg\" alt=\"\" class=\"wp-image-994 size-full\" srcset=\"https:\/\/fotografik.net.pl\/wp-content\/uploads\/2024\/11\/SLA01345-1024x683.jpg 1024w, https:\/\/fotografik.net.pl\/wp-content\/uploads\/2024\/11\/SLA01345-300x200.jpg 300w, https:\/\/fotografik.net.pl\/wp-content\/uploads\/2024\/11\/SLA01345-768x512.jpg 768w, https:\/\/fotografik.net.pl\/wp-content\/uploads\/2024\/11\/SLA01345-1536x1024.jpg 1536w, https:\/\/fotografik.net.pl\/wp-content\/uploads\/2024\/11\/SLA01345.jpg 1800w\" sizes=\"auto, (max-width: 1024px) 100vw, 1024px\" \/><\/a><\/figure><div class=\"wp-block-media-text__content\">\n<p><a href=\"https:\/\/fotografik.net.pl\/?page_id=987\">Nad le\u015bnym stawem<\/a><\/p>\n<\/div><\/div>\n","protected":false},"excerpt":{"rendered":"<p>Las R\u0119dzi\u0144ski Jesie\u0144 w Dolinie Widawy Barwy jesieni Nadodrza\u0144skie \u0142\u0105ki Nad Widaw\u0105 Las Osobowicki Jesienne grzybobranie Jesie\u0144 na nadodrza\u0144skich \u0142\u0105kach Czerwona jesie\u0144 W krainie kolor\u00f3w Las R\u0119dzi\u0144ski Nad le\u015bnym stawem<\/p>\n","protected":false},"author":1,"featured_media":0,"parent":372,"menu_order":0,"comment_status":"closed","ping_status":"closed","template":"","meta":{"footnotes":""},"class_list":["post-378","page","type-page","status-publish","hentry"],"_links":{"self":[{"href":"https:\/\/fotografik.net.pl\/index.php?rest_route=\/wp\/v2\/pages\/378","targetHints":{"allow":["GET"]}}],"collection":[{"href":"https:\/\/fotografik.net.pl\/index.php?rest_route=\/wp\/v2\/pages"}],"about":[{"href":"https:\/\/fotografik.net.pl\/index.php?rest_route=\/wp\/v2\/types\/page"}],"author":[{"embeddable":true,"href":"https:\/\/fotografik.net.pl\/index.php?rest_route=\/wp\/v2\/users\/1"}],"replies":[{"embeddable":true,"href":"https:\/\/fotografik.net.pl\/index.php?rest_route=%2Fwp%2Fv2%2Fcomments&post=378"}],"version-history":[{"count":37,"href":"https:\/\/fotografik.net.pl\/index.php?rest_route=\/wp\/v2\/pages\/378\/revisions"}],"predecessor-version":[{"id":1052,"href":"https:\/\/fotografik.net.pl\/index.php?rest_route=\/wp\/v2\/pages\/378\/revisions\/1052"}],"up":[{"embeddable":true,"href":"https:\/\/fotografik.net.pl\/index.php?rest_route=\/wp\/v2\/pages\/372"}],"wp:attachment":[{"href":"https:\/\/fotografik.net.pl\/index.php?rest_route=%2Fwp%2Fv2%2Fmedia&parent=378"}],"curies":[{"name":"wp","href":"https:\/\/api.w.org\/{rel}","templated":true}]}}