{"id":418,"date":"2024-11-05T18:10:25","date_gmt":"2024-11-05T17:10:25","guid":{"rendered":"https:\/\/fotografik.net.pl\/?page_id=418"},"modified":"2024-11-08T18:24:35","modified_gmt":"2024-11-08T17:24:35","slug":"nadodrzanskie-laki","status":"publish","type":"page","link":"https:\/\/fotografik.net.pl\/?page_id=418","title":{"rendered":"Nadodrza\u0144skie \u0141\u0105ki"},"content":{"rendered":"\n<figure class=\"wp-block-gallery has-nested-images columns-1 is-cropped wp-block-gallery-1 is-layout-flex wp-block-gallery-is-layout-flex\">\n<figure class=\"wp-block-image size-large\"><img loading=\"lazy\" decoding=\"async\" width=\"1024\" height=\"683\" data-id=\"417\" src=\"https:\/\/fotografik.net.pl\/wp-content\/uploads\/2024\/11\/SLA06448-1024x683.jpg\" alt=\"\" class=\"wp-image-417\" srcset=\"https:\/\/fotografik.net.pl\/wp-content\/uploads\/2024\/11\/SLA06448-1024x683.jpg 1024w, https:\/\/fotografik.net.pl\/wp-content\/uploads\/2024\/11\/SLA06448-300x200.jpg 300w, https:\/\/fotografik.net.pl\/wp-content\/uploads\/2024\/11\/SLA06448-768x512.jpg 768w, https:\/\/fotografik.net.pl\/wp-content\/uploads\/2024\/11\/SLA06448-1536x1024.jpg 1536w, https:\/\/fotografik.net.pl\/wp-content\/uploads\/2024\/11\/SLA06448.jpg 2048w\" sizes=\"auto, (max-width: 1024px) 100vw, 1024px\" \/><\/figure>\n\n\n\n<figure class=\"wp-block-image size-large\"><img loading=\"lazy\" decoding=\"async\" width=\"1024\" height=\"683\" data-id=\"416\" src=\"https:\/\/fotografik.net.pl\/wp-content\/uploads\/2024\/11\/SLA06445-1-1024x683.jpg\" alt=\"\" class=\"wp-image-416\" srcset=\"https:\/\/fotografik.net.pl\/wp-content\/uploads\/2024\/11\/SLA06445-1-1024x683.jpg 1024w, https:\/\/fotografik.net.pl\/wp-content\/uploads\/2024\/11\/SLA06445-1-300x200.jpg 300w, https:\/\/fotografik.net.pl\/wp-content\/uploads\/2024\/11\/SLA06445-1-768x512.jpg 768w, https:\/\/fotografik.net.pl\/wp-content\/uploads\/2024\/11\/SLA06445-1-1536x1024.jpg 1536w, https:\/\/fotografik.net.pl\/wp-content\/uploads\/2024\/11\/SLA06445-1.jpg 2048w\" sizes=\"auto, (max-width: 1024px) 100vw, 1024px\" \/><\/figure>\n\n\n\n<figure class=\"wp-block-image size-large\"><img loading=\"lazy\" decoding=\"async\" width=\"1024\" height=\"683\" data-id=\"415\" src=\"https:\/\/fotografik.net.pl\/wp-content\/uploads\/2024\/11\/SLA06442-1024x683.jpg\" alt=\"\" class=\"wp-image-415\" srcset=\"https:\/\/fotografik.net.pl\/wp-content\/uploads\/2024\/11\/SLA06442-1024x683.jpg 1024w, https:\/\/fotografik.net.pl\/wp-content\/uploads\/2024\/11\/SLA06442-300x200.jpg 300w, https:\/\/fotografik.net.pl\/wp-content\/uploads\/2024\/11\/SLA06442-768x512.jpg 768w, https:\/\/fotografik.net.pl\/wp-content\/uploads\/2024\/11\/SLA06442-1536x1024.jpg 1536w, https:\/\/fotografik.net.pl\/wp-content\/uploads\/2024\/11\/SLA06442.jpg 2048w\" sizes=\"auto, (max-width: 1024px) 100vw, 1024px\" \/><\/figure>\n\n\n\n<figure class=\"wp-block-image size-large\"><img loading=\"lazy\" decoding=\"async\" width=\"1024\" height=\"683\" data-id=\"414\" src=\"https:\/\/fotografik.net.pl\/wp-content\/uploads\/2024\/11\/SLA06441-1024x683.jpg\" alt=\"\" class=\"wp-image-414\" srcset=\"https:\/\/fotografik.net.pl\/wp-content\/uploads\/2024\/11\/SLA06441-1024x683.jpg 1024w, https:\/\/fotografik.net.pl\/wp-content\/uploads\/2024\/11\/SLA06441-300x200.jpg 300w, https:\/\/fotografik.net.pl\/wp-content\/uploads\/2024\/11\/SLA06441-768x512.jpg 768w, https:\/\/fotografik.net.pl\/wp-content\/uploads\/2024\/11\/SLA06441-1536x1024.jpg 1536w, https:\/\/fotografik.net.pl\/wp-content\/uploads\/2024\/11\/SLA06441.jpg 2048w\" sizes=\"auto, (max-width: 1024px) 100vw, 1024px\" \/><\/figure>\n\n\n\n<figure class=\"wp-block-image size-large\"><img loading=\"lazy\" decoding=\"async\" width=\"1024\" height=\"683\" data-id=\"413\" src=\"https:\/\/fotografik.net.pl\/wp-content\/uploads\/2024\/11\/SLA06436-1024x683.jpg\" alt=\"\" class=\"wp-image-413\" srcset=\"https:\/\/fotografik.net.pl\/wp-content\/uploads\/2024\/11\/SLA06436-1024x683.jpg 1024w, https:\/\/fotografik.net.pl\/wp-content\/uploads\/2024\/11\/SLA06436-300x200.jpg 300w, https:\/\/fotografik.net.pl\/wp-content\/uploads\/2024\/11\/SLA06436-768x512.jpg 768w, https:\/\/fotografik.net.pl\/wp-content\/uploads\/2024\/11\/SLA06436-1536x1024.jpg 1536w, https:\/\/fotografik.net.pl\/wp-content\/uploads\/2024\/11\/SLA06436.jpg 2048w\" sizes=\"auto, (max-width: 1024px) 100vw, 1024px\" \/><\/figure>\n\n\n\n<figure class=\"wp-block-image size-large\"><img loading=\"lazy\" decoding=\"async\" width=\"1024\" height=\"683\" data-id=\"412\" src=\"https:\/\/fotografik.net.pl\/wp-content\/uploads\/2024\/11\/SLA06482-1024x683.jpg\" alt=\"\" class=\"wp-image-412\" srcset=\"https:\/\/fotografik.net.pl\/wp-content\/uploads\/2024\/11\/SLA06482-1024x683.jpg 1024w, https:\/\/fotografik.net.pl\/wp-content\/uploads\/2024\/11\/SLA06482-300x200.jpg 300w, https:\/\/fotografik.net.pl\/wp-content\/uploads\/2024\/11\/SLA06482-768x512.jpg 768w, https:\/\/fotografik.net.pl\/wp-content\/uploads\/2024\/11\/SLA06482-1536x1024.jpg 1536w, https:\/\/fotografik.net.pl\/wp-content\/uploads\/2024\/11\/SLA06482.jpg 2048w\" sizes=\"auto, (max-width: 1024px) 100vw, 1024px\" \/><\/figure>\n\n\n\n<figure class=\"wp-block-image size-large\"><img loading=\"lazy\" decoding=\"async\" width=\"1024\" height=\"683\" data-id=\"411\" src=\"https:\/\/fotografik.net.pl\/wp-content\/uploads\/2024\/11\/SLA06473-1024x683.jpg\" alt=\"\" class=\"wp-image-411\" srcset=\"https:\/\/fotografik.net.pl\/wp-content\/uploads\/2024\/11\/SLA06473-1024x683.jpg 1024w, https:\/\/fotografik.net.pl\/wp-content\/uploads\/2024\/11\/SLA06473-300x200.jpg 300w, https:\/\/fotografik.net.pl\/wp-content\/uploads\/2024\/11\/SLA06473-768x512.jpg 768w, https:\/\/fotografik.net.pl\/wp-content\/uploads\/2024\/11\/SLA06473-1536x1024.jpg 1536w, https:\/\/fotografik.net.pl\/wp-content\/uploads\/2024\/11\/SLA06473.jpg 2048w\" sizes=\"auto, (max-width: 1024px) 100vw, 1024px\" \/><\/figure>\n\n\n\n<figure class=\"wp-block-image size-large\"><img loading=\"lazy\" decoding=\"async\" width=\"683\" height=\"1024\" data-id=\"410\" src=\"https:\/\/fotografik.net.pl\/wp-content\/uploads\/2024\/11\/SLA06450-683x1024.jpg\" alt=\"\" class=\"wp-image-410\" srcset=\"https:\/\/fotografik.net.pl\/wp-content\/uploads\/2024\/11\/SLA06450-683x1024.jpg 683w, https:\/\/fotografik.net.pl\/wp-content\/uploads\/2024\/11\/SLA06450-200x300.jpg 200w, https:\/\/fotografik.net.pl\/wp-content\/uploads\/2024\/11\/SLA06450-768x1152.jpg 768w, https:\/\/fotografik.net.pl\/wp-content\/uploads\/2024\/11\/SLA06450-1024x1536.jpg 1024w, https:\/\/fotografik.net.pl\/wp-content\/uploads\/2024\/11\/SLA06450.jpg 1365w\" sizes=\"auto, (max-width: 683px) 100vw, 683px\" \/><\/figure>\n\n\n\n<figure class=\"wp-block-image size-large\"><img loading=\"lazy\" decoding=\"async\" width=\"1024\" height=\"683\" data-id=\"373\" src=\"https:\/\/fotografik.net.pl\/wp-content\/uploads\/2024\/11\/SLA08501-1024x683.jpg\" alt=\"\" class=\"wp-image-373\" srcset=\"https:\/\/fotografik.net.pl\/wp-content\/uploads\/2024\/11\/SLA08501-1024x683.jpg 1024w, https:\/\/fotografik.net.pl\/wp-content\/uploads\/2024\/11\/SLA08501-300x200.jpg 300w, https:\/\/fotografik.net.pl\/wp-content\/uploads\/2024\/11\/SLA08501-768x512.jpg 768w, https:\/\/fotografik.net.pl\/wp-content\/uploads\/2024\/11\/SLA08501-1536x1024.jpg 1536w, https:\/\/fotografik.net.pl\/wp-content\/uploads\/2024\/11\/SLA08501.jpg 2048w\" sizes=\"auto, (max-width: 1024px) 100vw, 1024px\" \/><\/figure>\n<\/figure>\n","protected":false},"excerpt":{"rendered":"","protected":false},"author":1,"featured_media":0,"parent":378,"menu_order":0,"comment_status":"closed","ping_status":"closed","template":"","meta":{"footnotes":""},"class_list":["post-418","page","type-page","status-publish","hentry"],"_links":{"self":[{"href":"https:\/\/fotografik.net.pl\/index.php?rest_route=\/wp\/v2\/pages\/418","targetHints":{"allow":["GET"]}}],"collection":[{"href":"https:\/\/fotografik.net.pl\/index.php?rest_route=\/wp\/v2\/pages"}],"about":[{"href":"https:\/\/fotografik.net.pl\/index.php?rest_route=\/wp\/v2\/types\/page"}],"author":[{"embeddable":true,"href":"https:\/\/fotografik.net.pl\/index.php?rest_route=\/wp\/v2\/users\/1"}],"replies":[{"embeddable":true,"href":"https:\/\/fotografik.net.pl\/index.php?rest_route=%2Fwp%2Fv2%2Fcomments&post=418"}],"version-history":[{"count":3,"href":"https:\/\/fotografik.net.pl\/index.php?rest_route=\/wp\/v2\/pages\/418\/revisions"}],"predecessor-version":[{"id":791,"href":"https:\/\/fotografik.net.pl\/index.php?rest_route=\/wp\/v2\/pages\/418\/revisions\/791"}],"up":[{"embeddable":true,"href":"https:\/\/fotografik.net.pl\/index.php?rest_route=\/wp\/v2\/pages\/378"}],"wp:attachment":[{"href":"https:\/\/fotografik.net.pl\/index.php?rest_route=%2Fwp%2Fv2%2Fmedia&parent=418"}],"curies":[{"name":"wp","href":"https:\/\/api.w.org\/{rel}","templated":true}]}}