{"id":455,"date":"2024-11-05T18:37:20","date_gmt":"2024-11-05T17:37:20","guid":{"rendered":"https:\/\/fotografik.net.pl\/?page_id=455"},"modified":"2025-10-11T19:26:35","modified_gmt":"2025-10-11T17:26:35","slug":"zima","status":"publish","type":"page","link":"https:\/\/fotografik.net.pl\/?page_id=455","title":{"rendered":"Zima"},"content":{"rendered":"\n<div class=\"wp-block-media-text is-stacked-on-mobile\" style=\"grid-template-columns:70% auto\"><figure class=\"wp-block-media-text__media\"><a href=\"https:\/\/fotografik.net.pl\/?page_id=1246\"><img loading=\"lazy\" decoding=\"async\" width=\"1024\" height=\"683\" src=\"https:\/\/fotografik.net.pl\/wp-content\/uploads\/2025\/10\/SLA09316-1024x683.jpg\" alt=\"\" class=\"wp-image-1275 size-full\" srcset=\"https:\/\/fotografik.net.pl\/wp-content\/uploads\/2025\/10\/SLA09316-1024x683.jpg 1024w, https:\/\/fotografik.net.pl\/wp-content\/uploads\/2025\/10\/SLA09316-300x200.jpg 300w, https:\/\/fotografik.net.pl\/wp-content\/uploads\/2025\/10\/SLA09316-768x512.jpg 768w, https:\/\/fotografik.net.pl\/wp-content\/uploads\/2025\/10\/SLA09316-1536x1024.jpg 1536w, https:\/\/fotografik.net.pl\/wp-content\/uploads\/2025\/10\/SLA09316.jpg 2048w\" sizes=\"auto, (max-width: 1024px) 100vw, 1024px\" \/><\/a><\/figure><div class=\"wp-block-media-text__content\">\n<p>Zima w Sudetach<\/p>\n<\/div><\/div>\n\n\n\n<div class=\"wp-block-media-text is-stacked-on-mobile\" style=\"grid-template-columns:70% auto\"><figure class=\"wp-block-media-text__media\"><a href=\"https:\/\/fotografik.net.pl\/?page_id=471\"><img loading=\"lazy\" decoding=\"async\" width=\"1024\" height=\"683\" src=\"https:\/\/fotografik.net.pl\/wp-content\/uploads\/2024\/11\/SLA01506-1024x683.jpg\" alt=\"\" class=\"wp-image-469 size-full\" srcset=\"https:\/\/fotografik.net.pl\/wp-content\/uploads\/2024\/11\/SLA01506-1024x683.jpg 1024w, https:\/\/fotografik.net.pl\/wp-content\/uploads\/2024\/11\/SLA01506-300x200.jpg 300w, https:\/\/fotografik.net.pl\/wp-content\/uploads\/2024\/11\/SLA01506-768x512.jpg 768w, https:\/\/fotografik.net.pl\/wp-content\/uploads\/2024\/11\/SLA01506-1536x1024.jpg 1536w, https:\/\/fotografik.net.pl\/wp-content\/uploads\/2024\/11\/SLA01506.jpg 1800w\" sizes=\"auto, (max-width: 1024px) 100vw, 1024px\" \/><\/a><\/figure><div class=\"wp-block-media-text__content\">\n<p><a href=\"https:\/\/fotografik.net.pl\/?page_id=471\">Podwroc\u0142awskie \u0142\u0105ki<\/a><\/p>\n<\/div><\/div>\n\n\n\n<div class=\"wp-block-media-text is-stacked-on-mobile\" style=\"grid-template-columns:70% auto\"><figure class=\"wp-block-media-text__media\"><a href=\"https:\/\/fotografik.net.pl\/?page_id=1214\"><img loading=\"lazy\" decoding=\"async\" width=\"1024\" height=\"683\" src=\"https:\/\/fotografik.net.pl\/wp-content\/uploads\/2025\/10\/SLA09201-1024x683.jpg\" alt=\"\" class=\"wp-image-1237 size-full\" srcset=\"https:\/\/fotografik.net.pl\/wp-content\/uploads\/2025\/10\/SLA09201-1024x683.jpg 1024w, https:\/\/fotografik.net.pl\/wp-content\/uploads\/2025\/10\/SLA09201-300x200.jpg 300w, https:\/\/fotografik.net.pl\/wp-content\/uploads\/2025\/10\/SLA09201-768x512.jpg 768w, https:\/\/fotografik.net.pl\/wp-content\/uploads\/2025\/10\/SLA09201-1536x1024.jpg 1536w, https:\/\/fotografik.net.pl\/wp-content\/uploads\/2025\/10\/SLA09201.jpg 2048w\" sizes=\"auto, (max-width: 1024px) 100vw, 1024px\" \/><\/a><\/figure><div class=\"wp-block-media-text__content\">\n<p>Poranek w Karkonoszach<\/p>\n<\/div><\/div>\n\n\n\n<div class=\"wp-block-media-text is-stacked-on-mobile\" style=\"grid-template-columns:70% auto\"><figure class=\"wp-block-media-text__media\"><a href=\"https:\/\/fotografik.net.pl\/?page_id=1282\"><img loading=\"lazy\" decoding=\"async\" width=\"1024\" height=\"683\" src=\"https:\/\/fotografik.net.pl\/wp-content\/uploads\/2025\/10\/SLA09354-1024x683.jpg\" alt=\"\" class=\"wp-image-1308 size-full\" srcset=\"https:\/\/fotografik.net.pl\/wp-content\/uploads\/2025\/10\/SLA09354-1024x683.jpg 1024w, https:\/\/fotografik.net.pl\/wp-content\/uploads\/2025\/10\/SLA09354-300x200.jpg 300w, https:\/\/fotografik.net.pl\/wp-content\/uploads\/2025\/10\/SLA09354-768x512.jpg 768w, https:\/\/fotografik.net.pl\/wp-content\/uploads\/2025\/10\/SLA09354-1536x1024.jpg 1536w, https:\/\/fotografik.net.pl\/wp-content\/uploads\/2025\/10\/SLA09354.jpg 2048w\" sizes=\"auto, (max-width: 1024px) 100vw, 1024px\" \/><\/a><\/figure><div class=\"wp-block-media-text__content\">\n<p>R\u00f3wnia pod \u015anie\u017ck\u0105<\/p>\n<\/div><\/div>\n\n\n\n<div class=\"wp-block-media-text is-stacked-on-mobile\" style=\"grid-template-columns:70% auto\"><figure class=\"wp-block-media-text__media\"><a href=\"https:\/\/fotografik.net.pl\/?page_id=1316\"><img loading=\"lazy\" decoding=\"async\" width=\"1024\" height=\"683\" src=\"https:\/\/fotografik.net.pl\/wp-content\/uploads\/2025\/10\/SLA09448-1024x683.jpg\" alt=\"\" class=\"wp-image-1317 size-full\" srcset=\"https:\/\/fotografik.net.pl\/wp-content\/uploads\/2025\/10\/SLA09448-1024x683.jpg 1024w, https:\/\/fotografik.net.pl\/wp-content\/uploads\/2025\/10\/SLA09448-300x200.jpg 300w, https:\/\/fotografik.net.pl\/wp-content\/uploads\/2025\/10\/SLA09448-768x512.jpg 768w, https:\/\/fotografik.net.pl\/wp-content\/uploads\/2025\/10\/SLA09448-1536x1024.jpg 1536w, https:\/\/fotografik.net.pl\/wp-content\/uploads\/2025\/10\/SLA09448.jpg 2048w\" sizes=\"auto, (max-width: 1024px) 100vw, 1024px\" \/><\/a><\/figure><div class=\"wp-block-media-text__content\">\n<p>W Kotle Ma\u0142ego Stawu<\/p>\n<\/div><\/div>\n","protected":false},"excerpt":{"rendered":"<p>Zima w Sudetach Podwroc\u0142awskie \u0142\u0105ki Poranek w Karkonoszach R\u00f3wnia pod \u015anie\u017ck\u0105 W Kotle Ma\u0142ego Stawu<\/p>\n","protected":false},"author":1,"featured_media":0,"parent":372,"menu_order":0,"comment_status":"closed","ping_status":"closed","template":"","meta":{"footnotes":""},"class_list":["post-455","page","type-page","status-publish","hentry"],"_links":{"self":[{"href":"https:\/\/fotografik.net.pl\/index.php?rest_route=\/wp\/v2\/pages\/455","targetHints":{"allow":["GET"]}}],"collection":[{"href":"https:\/\/fotografik.net.pl\/index.php?rest_route=\/wp\/v2\/pages"}],"about":[{"href":"https:\/\/fotografik.net.pl\/index.php?rest_route=\/wp\/v2\/types\/page"}],"author":[{"embeddable":true,"href":"https:\/\/fotografik.net.pl\/index.php?rest_route=\/wp\/v2\/users\/1"}],"replies":[{"embeddable":true,"href":"https:\/\/fotografik.net.pl\/index.php?rest_route=%2Fwp%2Fv2%2Fcomments&post=455"}],"version-history":[{"count":9,"href":"https:\/\/fotografik.net.pl\/index.php?rest_route=\/wp\/v2\/pages\/455\/revisions"}],"predecessor-version":[{"id":1332,"href":"https:\/\/fotografik.net.pl\/index.php?rest_route=\/wp\/v2\/pages\/455\/revisions\/1332"}],"up":[{"embeddable":true,"href":"https:\/\/fotografik.net.pl\/index.php?rest_route=\/wp\/v2\/pages\/372"}],"wp:attachment":[{"href":"https:\/\/fotografik.net.pl\/index.php?rest_route=%2Fwp%2Fv2%2Fmedia&parent=455"}],"curies":[{"name":"wp","href":"https:\/\/api.w.org\/{rel}","templated":true}]}}