{"id":471,"date":"2024-11-05T18:38:35","date_gmt":"2024-11-05T17:38:35","guid":{"rendered":"https:\/\/fotografik.net.pl\/?page_id=471"},"modified":"2024-11-06T07:33:50","modified_gmt":"2024-11-06T06:33:50","slug":"podwroclawskie-laki-2023-11-30","status":"publish","type":"page","link":"https:\/\/fotografik.net.pl\/?page_id=471","title":{"rendered":"Podwroc\u0142awskie \u0142\u0105ki 2023-11-30"},"content":{"rendered":"\n<figure class=\"wp-block-gallery has-nested-images columns-1 is-cropped wp-block-gallery-1 is-layout-flex wp-block-gallery-is-layout-flex\">\n<figure class=\"wp-block-image size-large\"><img loading=\"lazy\" decoding=\"async\" width=\"1024\" height=\"683\" data-id=\"469\" src=\"https:\/\/fotografik.net.pl\/wp-content\/uploads\/2024\/11\/SLA01506-1024x683.jpg\" alt=\"\" class=\"wp-image-469\" srcset=\"https:\/\/fotografik.net.pl\/wp-content\/uploads\/2024\/11\/SLA01506-1024x683.jpg 1024w, https:\/\/fotografik.net.pl\/wp-content\/uploads\/2024\/11\/SLA01506-300x200.jpg 300w, https:\/\/fotografik.net.pl\/wp-content\/uploads\/2024\/11\/SLA01506-768x512.jpg 768w, https:\/\/fotografik.net.pl\/wp-content\/uploads\/2024\/11\/SLA01506-1536x1024.jpg 1536w, https:\/\/fotografik.net.pl\/wp-content\/uploads\/2024\/11\/SLA01506.jpg 1800w\" sizes=\"auto, (max-width: 1024px) 100vw, 1024px\" \/><\/figure>\n\n\n\n<figure class=\"wp-block-image size-large\"><img loading=\"lazy\" decoding=\"async\" width=\"683\" height=\"1024\" data-id=\"468\" src=\"https:\/\/fotografik.net.pl\/wp-content\/uploads\/2024\/11\/SLA01505-683x1024.jpg\" alt=\"\" class=\"wp-image-468\" srcset=\"https:\/\/fotografik.net.pl\/wp-content\/uploads\/2024\/11\/SLA01505-683x1024.jpg 683w, https:\/\/fotografik.net.pl\/wp-content\/uploads\/2024\/11\/SLA01505-200x300.jpg 200w, https:\/\/fotografik.net.pl\/wp-content\/uploads\/2024\/11\/SLA01505-768x1152.jpg 768w, https:\/\/fotografik.net.pl\/wp-content\/uploads\/2024\/11\/SLA01505-1024x1536.jpg 1024w, https:\/\/fotografik.net.pl\/wp-content\/uploads\/2024\/11\/SLA01505-1365x2048.jpg 1365w, https:\/\/fotografik.net.pl\/wp-content\/uploads\/2024\/11\/SLA01505-scaled.jpg 1707w\" sizes=\"auto, (max-width: 683px) 100vw, 683px\" \/><\/figure>\n\n\n\n<figure class=\"wp-block-image size-large\"><img loading=\"lazy\" decoding=\"async\" width=\"683\" height=\"1024\" data-id=\"467\" src=\"https:\/\/fotografik.net.pl\/wp-content\/uploads\/2024\/11\/SLA01501-683x1024.jpg\" alt=\"\" class=\"wp-image-467\" srcset=\"https:\/\/fotografik.net.pl\/wp-content\/uploads\/2024\/11\/SLA01501-683x1024.jpg 683w, https:\/\/fotografik.net.pl\/wp-content\/uploads\/2024\/11\/SLA01501-200x300.jpg 200w, https:\/\/fotografik.net.pl\/wp-content\/uploads\/2024\/11\/SLA01501-768x1152.jpg 768w, https:\/\/fotografik.net.pl\/wp-content\/uploads\/2024\/11\/SLA01501-1024x1536.jpg 1024w, https:\/\/fotografik.net.pl\/wp-content\/uploads\/2024\/11\/SLA01501-1365x2048.jpg 1365w, https:\/\/fotografik.net.pl\/wp-content\/uploads\/2024\/11\/SLA01501-scaled.jpg 1707w\" sizes=\"auto, (max-width: 683px) 100vw, 683px\" \/><\/figure>\n\n\n\n<figure class=\"wp-block-image size-large\"><img loading=\"lazy\" decoding=\"async\" width=\"683\" height=\"1024\" data-id=\"466\" src=\"https:\/\/fotografik.net.pl\/wp-content\/uploads\/2024\/11\/SLA01675-683x1024.jpg\" alt=\"\" class=\"wp-image-466\" srcset=\"https:\/\/fotografik.net.pl\/wp-content\/uploads\/2024\/11\/SLA01675-683x1024.jpg 683w, https:\/\/fotografik.net.pl\/wp-content\/uploads\/2024\/11\/SLA01675-200x300.jpg 200w, https:\/\/fotografik.net.pl\/wp-content\/uploads\/2024\/11\/SLA01675-768x1152.jpg 768w, https:\/\/fotografik.net.pl\/wp-content\/uploads\/2024\/11\/SLA01675-1024x1536.jpg 1024w, https:\/\/fotografik.net.pl\/wp-content\/uploads\/2024\/11\/SLA01675-1365x2048.jpg 1365w, https:\/\/fotografik.net.pl\/wp-content\/uploads\/2024\/11\/SLA01675-scaled.jpg 1707w\" sizes=\"auto, (max-width: 683px) 100vw, 683px\" \/><\/figure>\n\n\n\n<figure class=\"wp-block-image size-large\"><img loading=\"lazy\" decoding=\"async\" width=\"1024\" height=\"683\" data-id=\"465\" src=\"https:\/\/fotografik.net.pl\/wp-content\/uploads\/2024\/11\/SLA01665-1024x683.jpg\" alt=\"\" class=\"wp-image-465\" srcset=\"https:\/\/fotografik.net.pl\/wp-content\/uploads\/2024\/11\/SLA01665-1024x683.jpg 1024w, https:\/\/fotografik.net.pl\/wp-content\/uploads\/2024\/11\/SLA01665-300x200.jpg 300w, https:\/\/fotografik.net.pl\/wp-content\/uploads\/2024\/11\/SLA01665-768x512.jpg 768w, https:\/\/fotografik.net.pl\/wp-content\/uploads\/2024\/11\/SLA01665-1536x1024.jpg 1536w, https:\/\/fotografik.net.pl\/wp-content\/uploads\/2024\/11\/SLA01665.jpg 1800w\" sizes=\"auto, (max-width: 1024px) 100vw, 1024px\" \/><\/figure>\n\n\n\n<figure class=\"wp-block-image size-large\"><img loading=\"lazy\" decoding=\"async\" width=\"1024\" height=\"683\" data-id=\"464\" src=\"https:\/\/fotografik.net.pl\/wp-content\/uploads\/2024\/11\/SLA01659-1024x683.jpg\" alt=\"\" class=\"wp-image-464\" srcset=\"https:\/\/fotografik.net.pl\/wp-content\/uploads\/2024\/11\/SLA01659-1024x683.jpg 1024w, https:\/\/fotografik.net.pl\/wp-content\/uploads\/2024\/11\/SLA01659-300x200.jpg 300w, https:\/\/fotografik.net.pl\/wp-content\/uploads\/2024\/11\/SLA01659-768x512.jpg 768w, https:\/\/fotografik.net.pl\/wp-content\/uploads\/2024\/11\/SLA01659-1536x1024.jpg 1536w, https:\/\/fotografik.net.pl\/wp-content\/uploads\/2024\/11\/SLA01659.jpg 1800w\" sizes=\"auto, (max-width: 1024px) 100vw, 1024px\" \/><\/figure>\n\n\n\n<figure class=\"wp-block-image size-large\"><img loading=\"lazy\" decoding=\"async\" width=\"683\" height=\"1024\" data-id=\"463\" src=\"https:\/\/fotografik.net.pl\/wp-content\/uploads\/2024\/11\/SLA01646-683x1024.jpg\" alt=\"\" class=\"wp-image-463\" srcset=\"https:\/\/fotografik.net.pl\/wp-content\/uploads\/2024\/11\/SLA01646-683x1024.jpg 683w, https:\/\/fotografik.net.pl\/wp-content\/uploads\/2024\/11\/SLA01646-200x300.jpg 200w, https:\/\/fotografik.net.pl\/wp-content\/uploads\/2024\/11\/SLA01646-768x1152.jpg 768w, https:\/\/fotografik.net.pl\/wp-content\/uploads\/2024\/11\/SLA01646-1024x1536.jpg 1024w, https:\/\/fotografik.net.pl\/wp-content\/uploads\/2024\/11\/SLA01646-1365x2048.jpg 1365w, https:\/\/fotografik.net.pl\/wp-content\/uploads\/2024\/11\/SLA01646-scaled.jpg 1707w\" sizes=\"auto, (max-width: 683px) 100vw, 683px\" \/><\/figure>\n\n\n\n<figure class=\"wp-block-image size-large\"><img loading=\"lazy\" decoding=\"async\" width=\"683\" height=\"1024\" data-id=\"462\" src=\"https:\/\/fotografik.net.pl\/wp-content\/uploads\/2024\/11\/SLA01617-683x1024.jpg\" alt=\"\" class=\"wp-image-462\" srcset=\"https:\/\/fotografik.net.pl\/wp-content\/uploads\/2024\/11\/SLA01617-683x1024.jpg 683w, https:\/\/fotografik.net.pl\/wp-content\/uploads\/2024\/11\/SLA01617-200x300.jpg 200w, https:\/\/fotografik.net.pl\/wp-content\/uploads\/2024\/11\/SLA01617-768x1152.jpg 768w, https:\/\/fotografik.net.pl\/wp-content\/uploads\/2024\/11\/SLA01617-1024x1536.jpg 1024w, https:\/\/fotografik.net.pl\/wp-content\/uploads\/2024\/11\/SLA01617-1365x2048.jpg 1365w, https:\/\/fotografik.net.pl\/wp-content\/uploads\/2024\/11\/SLA01617-scaled.jpg 1707w\" sizes=\"auto, (max-width: 683px) 100vw, 683px\" \/><\/figure>\n\n\n\n<figure class=\"wp-block-image size-large\"><img loading=\"lazy\" decoding=\"async\" width=\"683\" height=\"1024\" data-id=\"461\" src=\"https:\/\/fotografik.net.pl\/wp-content\/uploads\/2024\/11\/SLA01581-683x1024.jpg\" alt=\"\" class=\"wp-image-461\" srcset=\"https:\/\/fotografik.net.pl\/wp-content\/uploads\/2024\/11\/SLA01581-683x1024.jpg 683w, https:\/\/fotografik.net.pl\/wp-content\/uploads\/2024\/11\/SLA01581-200x300.jpg 200w, https:\/\/fotografik.net.pl\/wp-content\/uploads\/2024\/11\/SLA01581-768x1152.jpg 768w, https:\/\/fotografik.net.pl\/wp-content\/uploads\/2024\/11\/SLA01581-1024x1536.jpg 1024w, https:\/\/fotografik.net.pl\/wp-content\/uploads\/2024\/11\/SLA01581-1365x2048.jpg 1365w, https:\/\/fotografik.net.pl\/wp-content\/uploads\/2024\/11\/SLA01581-scaled.jpg 1707w\" sizes=\"auto, (max-width: 683px) 100vw, 683px\" \/><\/figure>\n\n\n\n<figure class=\"wp-block-image size-large\"><img loading=\"lazy\" decoding=\"async\" width=\"683\" height=\"1024\" data-id=\"460\" src=\"https:\/\/fotografik.net.pl\/wp-content\/uploads\/2024\/11\/SLA01561-683x1024.jpg\" alt=\"\" class=\"wp-image-460\" srcset=\"https:\/\/fotografik.net.pl\/wp-content\/uploads\/2024\/11\/SLA01561-683x1024.jpg 683w, https:\/\/fotografik.net.pl\/wp-content\/uploads\/2024\/11\/SLA01561-200x300.jpg 200w, https:\/\/fotografik.net.pl\/wp-content\/uploads\/2024\/11\/SLA01561-768x1152.jpg 768w, https:\/\/fotografik.net.pl\/wp-content\/uploads\/2024\/11\/SLA01561-1024x1536.jpg 1024w, https:\/\/fotografik.net.pl\/wp-content\/uploads\/2024\/11\/SLA01561-1365x2048.jpg 1365w, https:\/\/fotografik.net.pl\/wp-content\/uploads\/2024\/11\/SLA01561-scaled.jpg 1707w\" sizes=\"auto, (max-width: 683px) 100vw, 683px\" \/><\/figure>\n\n\n\n<figure class=\"wp-block-image size-large\"><img loading=\"lazy\" decoding=\"async\" width=\"683\" height=\"1024\" data-id=\"459\" src=\"https:\/\/fotografik.net.pl\/wp-content\/uploads\/2024\/11\/SLA01533-683x1024.jpg\" alt=\"\" class=\"wp-image-459\" srcset=\"https:\/\/fotografik.net.pl\/wp-content\/uploads\/2024\/11\/SLA01533-683x1024.jpg 683w, https:\/\/fotografik.net.pl\/wp-content\/uploads\/2024\/11\/SLA01533-200x300.jpg 200w, https:\/\/fotografik.net.pl\/wp-content\/uploads\/2024\/11\/SLA01533-768x1152.jpg 768w, https:\/\/fotografik.net.pl\/wp-content\/uploads\/2024\/11\/SLA01533-1024x1536.jpg 1024w, https:\/\/fotografik.net.pl\/wp-content\/uploads\/2024\/11\/SLA01533-1365x2048.jpg 1365w, https:\/\/fotografik.net.pl\/wp-content\/uploads\/2024\/11\/SLA01533-scaled.jpg 1707w\" sizes=\"auto, (max-width: 683px) 100vw, 683px\" \/><\/figure>\n\n\n\n<figure class=\"wp-block-image size-large\"><img loading=\"lazy\" decoding=\"async\" width=\"683\" height=\"1024\" data-id=\"458\" src=\"https:\/\/fotografik.net.pl\/wp-content\/uploads\/2024\/11\/SLA01516-683x1024.jpg\" alt=\"\" class=\"wp-image-458\" srcset=\"https:\/\/fotografik.net.pl\/wp-content\/uploads\/2024\/11\/SLA01516-683x1024.jpg 683w, https:\/\/fotografik.net.pl\/wp-content\/uploads\/2024\/11\/SLA01516-200x300.jpg 200w, https:\/\/fotografik.net.pl\/wp-content\/uploads\/2024\/11\/SLA01516-768x1152.jpg 768w, https:\/\/fotografik.net.pl\/wp-content\/uploads\/2024\/11\/SLA01516-1024x1536.jpg 1024w, https:\/\/fotografik.net.pl\/wp-content\/uploads\/2024\/11\/SLA01516-1365x2048.jpg 1365w, https:\/\/fotografik.net.pl\/wp-content\/uploads\/2024\/11\/SLA01516-scaled.jpg 1707w\" sizes=\"auto, (max-width: 683px) 100vw, 683px\" \/><\/figure>\n\n\n\n<figure class=\"wp-block-image size-large\"><img loading=\"lazy\" decoding=\"async\" width=\"683\" height=\"1024\" data-id=\"457\" src=\"https:\/\/fotografik.net.pl\/wp-content\/uploads\/2024\/11\/SLA01510-683x1024.jpg\" alt=\"\" class=\"wp-image-457\" srcset=\"https:\/\/fotografik.net.pl\/wp-content\/uploads\/2024\/11\/SLA01510-683x1024.jpg 683w, https:\/\/fotografik.net.pl\/wp-content\/uploads\/2024\/11\/SLA01510-200x300.jpg 200w, https:\/\/fotografik.net.pl\/wp-content\/uploads\/2024\/11\/SLA01510-768x1152.jpg 768w, https:\/\/fotografik.net.pl\/wp-content\/uploads\/2024\/11\/SLA01510-1024x1536.jpg 1024w, https:\/\/fotografik.net.pl\/wp-content\/uploads\/2024\/11\/SLA01510-1365x2048.jpg 1365w, https:\/\/fotografik.net.pl\/wp-content\/uploads\/2024\/11\/SLA01510-scaled.jpg 1707w\" sizes=\"auto, (max-width: 683px) 100vw, 683px\" \/><\/figure>\n\n\n\n<figure class=\"wp-block-image size-large\"><img loading=\"lazy\" decoding=\"async\" width=\"683\" height=\"1024\" data-id=\"456\" src=\"https:\/\/fotografik.net.pl\/wp-content\/uploads\/2024\/11\/SLA01508-683x1024.jpg\" alt=\"\" class=\"wp-image-456\" srcset=\"https:\/\/fotografik.net.pl\/wp-content\/uploads\/2024\/11\/SLA01508-683x1024.jpg 683w, https:\/\/fotografik.net.pl\/wp-content\/uploads\/2024\/11\/SLA01508-200x300.jpg 200w, https:\/\/fotografik.net.pl\/wp-content\/uploads\/2024\/11\/SLA01508-768x1152.jpg 768w, https:\/\/fotografik.net.pl\/wp-content\/uploads\/2024\/11\/SLA01508-1024x1536.jpg 1024w, https:\/\/fotografik.net.pl\/wp-content\/uploads\/2024\/11\/SLA01508-1365x2048.jpg 1365w, https:\/\/fotografik.net.pl\/wp-content\/uploads\/2024\/11\/SLA01508-scaled.jpg 1707w\" sizes=\"auto, (max-width: 683px) 100vw, 683px\" \/><\/figure>\n<\/figure>\n","protected":false},"excerpt":{"rendered":"","protected":false},"author":1,"featured_media":0,"parent":455,"menu_order":0,"comment_status":"closed","ping_status":"closed","template":"","meta":{"footnotes":""},"class_list":["post-471","page","type-page","status-publish","hentry"],"_links":{"self":[{"href":"https:\/\/fotografik.net.pl\/index.php?rest_route=\/wp\/v2\/pages\/471","targetHints":{"allow":["GET"]}}],"collection":[{"href":"https:\/\/fotografik.net.pl\/index.php?rest_route=\/wp\/v2\/pages"}],"about":[{"href":"https:\/\/fotografik.net.pl\/index.php?rest_route=\/wp\/v2\/types\/page"}],"author":[{"embeddable":true,"href":"https:\/\/fotografik.net.pl\/index.php?rest_route=\/wp\/v2\/users\/1"}],"replies":[{"embeddable":true,"href":"https:\/\/fotografik.net.pl\/index.php?rest_route=%2Fwp%2Fv2%2Fcomments&post=471"}],"version-history":[{"count":1,"href":"https:\/\/fotografik.net.pl\/index.php?rest_route=\/wp\/v2\/pages\/471\/revisions"}],"predecessor-version":[{"id":472,"href":"https:\/\/fotografik.net.pl\/index.php?rest_route=\/wp\/v2\/pages\/471\/revisions\/472"}],"up":[{"embeddable":true,"href":"https:\/\/fotografik.net.pl\/index.php?rest_route=\/wp\/v2\/pages\/455"}],"wp:attachment":[{"href":"https:\/\/fotografik.net.pl\/index.php?rest_route=%2Fwp%2Fv2%2Fmedia&parent=471"}],"curies":[{"name":"wp","href":"https:\/\/api.w.org\/{rel}","templated":true}]}}