{"id":962,"date":"2024-11-08T19:01:54","date_gmt":"2024-11-08T18:01:54","guid":{"rendered":"https:\/\/fotografik.net.pl\/?page_id=962"},"modified":"2024-11-08T19:02:05","modified_gmt":"2024-11-08T18:02:05","slug":"jesien-na-nadodrzanskich-lakach","status":"publish","type":"page","link":"https:\/\/fotografik.net.pl\/?page_id=962","title":{"rendered":"Jesie\u0144 na nadodrza\u0144skich \u0142\u0105kach"},"content":{"rendered":"\n<figure class=\"wp-block-gallery has-nested-images columns-1 is-cropped wp-block-gallery-1 is-layout-flex wp-block-gallery-is-layout-flex\">\n<figure class=\"wp-block-image size-large\"><img loading=\"lazy\" decoding=\"async\" width=\"683\" height=\"1024\" data-id=\"965\" src=\"https:\/\/fotografik.net.pl\/wp-content\/uploads\/2024\/11\/SLA01265-683x1024.jpg\" alt=\"\" class=\"wp-image-965\" srcset=\"https:\/\/fotografik.net.pl\/wp-content\/uploads\/2024\/11\/SLA01265-683x1024.jpg 683w, https:\/\/fotografik.net.pl\/wp-content\/uploads\/2024\/11\/SLA01265-200x300.jpg 200w, https:\/\/fotografik.net.pl\/wp-content\/uploads\/2024\/11\/SLA01265-768x1152.jpg 768w, https:\/\/fotografik.net.pl\/wp-content\/uploads\/2024\/11\/SLA01265-1024x1536.jpg 1024w, https:\/\/fotografik.net.pl\/wp-content\/uploads\/2024\/11\/SLA01265-1365x2048.jpg 1365w, https:\/\/fotografik.net.pl\/wp-content\/uploads\/2024\/11\/SLA01265-scaled.jpg 1707w\" sizes=\"auto, (max-width: 683px) 100vw, 683px\" \/><\/figure>\n\n\n\n<figure class=\"wp-block-image size-large\"><img loading=\"lazy\" decoding=\"async\" width=\"1024\" height=\"683\" data-id=\"963\" src=\"https:\/\/fotografik.net.pl\/wp-content\/uploads\/2024\/11\/SLA01252-1024x683.jpg\" alt=\"\" class=\"wp-image-963\" srcset=\"https:\/\/fotografik.net.pl\/wp-content\/uploads\/2024\/11\/SLA01252-1024x683.jpg 1024w, https:\/\/fotografik.net.pl\/wp-content\/uploads\/2024\/11\/SLA01252-300x200.jpg 300w, https:\/\/fotografik.net.pl\/wp-content\/uploads\/2024\/11\/SLA01252-768x512.jpg 768w, https:\/\/fotografik.net.pl\/wp-content\/uploads\/2024\/11\/SLA01252-1536x1024.jpg 1536w, https:\/\/fotografik.net.pl\/wp-content\/uploads\/2024\/11\/SLA01252.jpg 1800w\" sizes=\"auto, (max-width: 1024px) 100vw, 1024px\" \/><\/figure>\n\n\n\n<figure class=\"wp-block-image size-large\"><img loading=\"lazy\" decoding=\"async\" width=\"1024\" height=\"683\" data-id=\"976\" src=\"https:\/\/fotografik.net.pl\/wp-content\/uploads\/2024\/11\/SLA01293-1024x683.jpg\" alt=\"\" class=\"wp-image-976\" srcset=\"https:\/\/fotografik.net.pl\/wp-content\/uploads\/2024\/11\/SLA01293-1024x683.jpg 1024w, https:\/\/fotografik.net.pl\/wp-content\/uploads\/2024\/11\/SLA01293-300x200.jpg 300w, https:\/\/fotografik.net.pl\/wp-content\/uploads\/2024\/11\/SLA01293-768x512.jpg 768w, https:\/\/fotografik.net.pl\/wp-content\/uploads\/2024\/11\/SLA01293-1536x1024.jpg 1536w, https:\/\/fotografik.net.pl\/wp-content\/uploads\/2024\/11\/SLA01293.jpg 1800w\" sizes=\"auto, (max-width: 1024px) 100vw, 1024px\" \/><\/figure>\n\n\n\n<figure class=\"wp-block-image size-large\"><img loading=\"lazy\" decoding=\"async\" width=\"1024\" height=\"683\" data-id=\"974\" src=\"https:\/\/fotografik.net.pl\/wp-content\/uploads\/2024\/11\/SLA01303-1024x683.jpg\" alt=\"\" class=\"wp-image-974\" srcset=\"https:\/\/fotografik.net.pl\/wp-content\/uploads\/2024\/11\/SLA01303-1024x683.jpg 1024w, https:\/\/fotografik.net.pl\/wp-content\/uploads\/2024\/11\/SLA01303-300x200.jpg 300w, https:\/\/fotografik.net.pl\/wp-content\/uploads\/2024\/11\/SLA01303-768x512.jpg 768w, https:\/\/fotografik.net.pl\/wp-content\/uploads\/2024\/11\/SLA01303-1536x1024.jpg 1536w, https:\/\/fotografik.net.pl\/wp-content\/uploads\/2024\/11\/SLA01303.jpg 1800w\" sizes=\"auto, (max-width: 1024px) 100vw, 1024px\" \/><\/figure>\n\n\n\n<figure class=\"wp-block-image size-large\"><img loading=\"lazy\" decoding=\"async\" width=\"1024\" height=\"683\" data-id=\"967\" src=\"https:\/\/fotografik.net.pl\/wp-content\/uploads\/2024\/11\/SLA01254-1024x683.jpg\" alt=\"\" class=\"wp-image-967\" srcset=\"https:\/\/fotografik.net.pl\/wp-content\/uploads\/2024\/11\/SLA01254-1024x683.jpg 1024w, https:\/\/fotografik.net.pl\/wp-content\/uploads\/2024\/11\/SLA01254-300x200.jpg 300w, https:\/\/fotografik.net.pl\/wp-content\/uploads\/2024\/11\/SLA01254-768x512.jpg 768w, https:\/\/fotografik.net.pl\/wp-content\/uploads\/2024\/11\/SLA01254-1536x1024.jpg 1536w, https:\/\/fotografik.net.pl\/wp-content\/uploads\/2024\/11\/SLA01254.jpg 1800w\" sizes=\"auto, (max-width: 1024px) 100vw, 1024px\" \/><\/figure>\n\n\n\n<figure class=\"wp-block-image size-large\"><img loading=\"lazy\" decoding=\"async\" width=\"1024\" height=\"683\" data-id=\"964\" src=\"https:\/\/fotografik.net.pl\/wp-content\/uploads\/2024\/11\/SLA01259-1024x683.jpg\" alt=\"\" class=\"wp-image-964\" srcset=\"https:\/\/fotografik.net.pl\/wp-content\/uploads\/2024\/11\/SLA01259-1024x683.jpg 1024w, https:\/\/fotografik.net.pl\/wp-content\/uploads\/2024\/11\/SLA01259-300x200.jpg 300w, https:\/\/fotografik.net.pl\/wp-content\/uploads\/2024\/11\/SLA01259-768x512.jpg 768w, https:\/\/fotografik.net.pl\/wp-content\/uploads\/2024\/11\/SLA01259-1536x1024.jpg 1536w, https:\/\/fotografik.net.pl\/wp-content\/uploads\/2024\/11\/SLA01259.jpg 1800w\" sizes=\"auto, (max-width: 1024px) 100vw, 1024px\" \/><\/figure>\n\n\n\n<figure class=\"wp-block-image size-large\"><img loading=\"lazy\" decoding=\"async\" width=\"683\" height=\"1024\" data-id=\"971\" src=\"https:\/\/fotografik.net.pl\/wp-content\/uploads\/2024\/11\/SLA01267-683x1024.jpg\" alt=\"\" class=\"wp-image-971\" srcset=\"https:\/\/fotografik.net.pl\/wp-content\/uploads\/2024\/11\/SLA01267-683x1024.jpg 683w, https:\/\/fotografik.net.pl\/wp-content\/uploads\/2024\/11\/SLA01267-200x300.jpg 200w, https:\/\/fotografik.net.pl\/wp-content\/uploads\/2024\/11\/SLA01267-768x1152.jpg 768w, https:\/\/fotografik.net.pl\/wp-content\/uploads\/2024\/11\/SLA01267-1024x1536.jpg 1024w, https:\/\/fotografik.net.pl\/wp-content\/uploads\/2024\/11\/SLA01267-1365x2048.jpg 1365w, https:\/\/fotografik.net.pl\/wp-content\/uploads\/2024\/11\/SLA01267-scaled.jpg 1707w\" sizes=\"auto, (max-width: 683px) 100vw, 683px\" \/><\/figure>\n\n\n\n<figure class=\"wp-block-image size-large\"><img loading=\"lazy\" decoding=\"async\" width=\"683\" height=\"1024\" data-id=\"966\" src=\"https:\/\/fotografik.net.pl\/wp-content\/uploads\/2024\/11\/SLA01261-683x1024.jpg\" alt=\"\" class=\"wp-image-966\" srcset=\"https:\/\/fotografik.net.pl\/wp-content\/uploads\/2024\/11\/SLA01261-683x1024.jpg 683w, https:\/\/fotografik.net.pl\/wp-content\/uploads\/2024\/11\/SLA01261-200x300.jpg 200w, https:\/\/fotografik.net.pl\/wp-content\/uploads\/2024\/11\/SLA01261-768x1152.jpg 768w, https:\/\/fotografik.net.pl\/wp-content\/uploads\/2024\/11\/SLA01261-1024x1536.jpg 1024w, https:\/\/fotografik.net.pl\/wp-content\/uploads\/2024\/11\/SLA01261-1365x2048.jpg 1365w, https:\/\/fotografik.net.pl\/wp-content\/uploads\/2024\/11\/SLA01261-scaled.jpg 1707w\" sizes=\"auto, (max-width: 683px) 100vw, 683px\" \/><\/figure>\n\n\n\n<figure class=\"wp-block-image size-large\"><img loading=\"lazy\" decoding=\"async\" width=\"1024\" height=\"683\" data-id=\"975\" src=\"https:\/\/fotografik.net.pl\/wp-content\/uploads\/2024\/11\/SLA01302-1024x683.jpg\" alt=\"\" class=\"wp-image-975\" srcset=\"https:\/\/fotografik.net.pl\/wp-content\/uploads\/2024\/11\/SLA01302-1024x683.jpg 1024w, https:\/\/fotografik.net.pl\/wp-content\/uploads\/2024\/11\/SLA01302-300x200.jpg 300w, https:\/\/fotografik.net.pl\/wp-content\/uploads\/2024\/11\/SLA01302-768x512.jpg 768w, https:\/\/fotografik.net.pl\/wp-content\/uploads\/2024\/11\/SLA01302-1536x1024.jpg 1536w, https:\/\/fotografik.net.pl\/wp-content\/uploads\/2024\/11\/SLA01302.jpg 1800w\" sizes=\"auto, (max-width: 1024px) 100vw, 1024px\" \/><\/figure>\n\n\n\n<figure class=\"wp-block-image size-large\"><img loading=\"lazy\" decoding=\"async\" width=\"683\" height=\"1024\" data-id=\"968\" src=\"https:\/\/fotografik.net.pl\/wp-content\/uploads\/2024\/11\/SLA01256-683x1024.jpg\" alt=\"\" class=\"wp-image-968\" srcset=\"https:\/\/fotografik.net.pl\/wp-content\/uploads\/2024\/11\/SLA01256-683x1024.jpg 683w, https:\/\/fotografik.net.pl\/wp-content\/uploads\/2024\/11\/SLA01256-200x300.jpg 200w, https:\/\/fotografik.net.pl\/wp-content\/uploads\/2024\/11\/SLA01256-768x1152.jpg 768w, https:\/\/fotografik.net.pl\/wp-content\/uploads\/2024\/11\/SLA01256-1024x1536.jpg 1024w, https:\/\/fotografik.net.pl\/wp-content\/uploads\/2024\/11\/SLA01256-1365x2048.jpg 1365w, https:\/\/fotografik.net.pl\/wp-content\/uploads\/2024\/11\/SLA01256-scaled.jpg 1707w\" sizes=\"auto, (max-width: 683px) 100vw, 683px\" \/><\/figure>\n\n\n\n<figure class=\"wp-block-image size-large\"><img loading=\"lazy\" decoding=\"async\" width=\"683\" height=\"1024\" data-id=\"972\" src=\"https:\/\/fotografik.net.pl\/wp-content\/uploads\/2024\/11\/SLA01271-683x1024.jpg\" alt=\"\" class=\"wp-image-972\" srcset=\"https:\/\/fotografik.net.pl\/wp-content\/uploads\/2024\/11\/SLA01271-683x1024.jpg 683w, https:\/\/fotografik.net.pl\/wp-content\/uploads\/2024\/11\/SLA01271-200x300.jpg 200w, https:\/\/fotografik.net.pl\/wp-content\/uploads\/2024\/11\/SLA01271-768x1152.jpg 768w, https:\/\/fotografik.net.pl\/wp-content\/uploads\/2024\/11\/SLA01271-1024x1536.jpg 1024w, https:\/\/fotografik.net.pl\/wp-content\/uploads\/2024\/11\/SLA01271-1365x2048.jpg 1365w, https:\/\/fotografik.net.pl\/wp-content\/uploads\/2024\/11\/SLA01271-scaled.jpg 1707w\" sizes=\"auto, (max-width: 683px) 100vw, 683px\" \/><\/figure>\n\n\n\n<figure class=\"wp-block-image size-large\"><img loading=\"lazy\" decoding=\"async\" width=\"1024\" height=\"683\" data-id=\"980\" src=\"https:\/\/fotografik.net.pl\/wp-content\/uploads\/2024\/11\/SLA01307-1024x683.jpg\" alt=\"\" class=\"wp-image-980\" srcset=\"https:\/\/fotografik.net.pl\/wp-content\/uploads\/2024\/11\/SLA01307-1024x683.jpg 1024w, https:\/\/fotografik.net.pl\/wp-content\/uploads\/2024\/11\/SLA01307-300x200.jpg 300w, https:\/\/fotografik.net.pl\/wp-content\/uploads\/2024\/11\/SLA01307-768x512.jpg 768w, https:\/\/fotografik.net.pl\/wp-content\/uploads\/2024\/11\/SLA01307-1536x1024.jpg 1536w, https:\/\/fotografik.net.pl\/wp-content\/uploads\/2024\/11\/SLA01307.jpg 1800w\" sizes=\"auto, (max-width: 1024px) 100vw, 1024px\" \/><\/figure>\n\n\n\n<figure class=\"wp-block-image size-large\"><img loading=\"lazy\" decoding=\"async\" width=\"683\" height=\"1024\" data-id=\"977\" src=\"https:\/\/fotografik.net.pl\/wp-content\/uploads\/2024\/11\/SLA01286-683x1024.jpg\" alt=\"\" class=\"wp-image-977\" srcset=\"https:\/\/fotografik.net.pl\/wp-content\/uploads\/2024\/11\/SLA01286-683x1024.jpg 683w, https:\/\/fotografik.net.pl\/wp-content\/uploads\/2024\/11\/SLA01286-200x300.jpg 200w, https:\/\/fotografik.net.pl\/wp-content\/uploads\/2024\/11\/SLA01286-768x1152.jpg 768w, https:\/\/fotografik.net.pl\/wp-content\/uploads\/2024\/11\/SLA01286-1024x1536.jpg 1024w, https:\/\/fotografik.net.pl\/wp-content\/uploads\/2024\/11\/SLA01286-1365x2048.jpg 1365w, https:\/\/fotografik.net.pl\/wp-content\/uploads\/2024\/11\/SLA01286-scaled.jpg 1707w\" sizes=\"auto, (max-width: 683px) 100vw, 683px\" \/><\/figure>\n\n\n\n<figure class=\"wp-block-image size-large\"><img loading=\"lazy\" decoding=\"async\" width=\"683\" height=\"1024\" data-id=\"978\" src=\"https:\/\/fotografik.net.pl\/wp-content\/uploads\/2024\/11\/SLA01291-683x1024.jpg\" alt=\"\" class=\"wp-image-978\" srcset=\"https:\/\/fotografik.net.pl\/wp-content\/uploads\/2024\/11\/SLA01291-683x1024.jpg 683w, https:\/\/fotografik.net.pl\/wp-content\/uploads\/2024\/11\/SLA01291-200x300.jpg 200w, https:\/\/fotografik.net.pl\/wp-content\/uploads\/2024\/11\/SLA01291-768x1152.jpg 768w, https:\/\/fotografik.net.pl\/wp-content\/uploads\/2024\/11\/SLA01291-1024x1536.jpg 1024w, https:\/\/fotografik.net.pl\/wp-content\/uploads\/2024\/11\/SLA01291-1365x2048.jpg 1365w, https:\/\/fotografik.net.pl\/wp-content\/uploads\/2024\/11\/SLA01291-scaled.jpg 1707w\" sizes=\"auto, (max-width: 683px) 100vw, 683px\" \/><\/figure>\n\n\n\n<figure class=\"wp-block-image size-large\"><img loading=\"lazy\" decoding=\"async\" width=\"683\" height=\"1024\" data-id=\"982\" src=\"https:\/\/fotografik.net.pl\/wp-content\/uploads\/2024\/11\/SLA01305-683x1024.jpg\" alt=\"\" class=\"wp-image-982\" srcset=\"https:\/\/fotografik.net.pl\/wp-content\/uploads\/2024\/11\/SLA01305-683x1024.jpg 683w, https:\/\/fotografik.net.pl\/wp-content\/uploads\/2024\/11\/SLA01305-200x300.jpg 200w, https:\/\/fotografik.net.pl\/wp-content\/uploads\/2024\/11\/SLA01305-768x1152.jpg 768w, https:\/\/fotografik.net.pl\/wp-content\/uploads\/2024\/11\/SLA01305-1024x1536.jpg 1024w, https:\/\/fotografik.net.pl\/wp-content\/uploads\/2024\/11\/SLA01305-1365x2048.jpg 1365w, https:\/\/fotografik.net.pl\/wp-content\/uploads\/2024\/11\/SLA01305-scaled.jpg 1707w\" sizes=\"auto, (max-width: 683px) 100vw, 683px\" \/><\/figure>\n\n\n\n<figure class=\"wp-block-image size-large\"><img loading=\"lazy\" decoding=\"async\" width=\"683\" height=\"1024\" data-id=\"970\" src=\"https:\/\/fotografik.net.pl\/wp-content\/uploads\/2024\/11\/SLA01270-683x1024.jpg\" alt=\"\" class=\"wp-image-970\" srcset=\"https:\/\/fotografik.net.pl\/wp-content\/uploads\/2024\/11\/SLA01270-683x1024.jpg 683w, https:\/\/fotografik.net.pl\/wp-content\/uploads\/2024\/11\/SLA01270-200x300.jpg 200w, https:\/\/fotografik.net.pl\/wp-content\/uploads\/2024\/11\/SLA01270-768x1152.jpg 768w, https:\/\/fotografik.net.pl\/wp-content\/uploads\/2024\/11\/SLA01270-1024x1536.jpg 1024w, https:\/\/fotografik.net.pl\/wp-content\/uploads\/2024\/11\/SLA01270-1365x2048.jpg 1365w, https:\/\/fotografik.net.pl\/wp-content\/uploads\/2024\/11\/SLA01270-scaled.jpg 1707w\" sizes=\"auto, (max-width: 683px) 100vw, 683px\" \/><\/figure>\n\n\n\n<figure class=\"wp-block-image size-large\"><img loading=\"lazy\" decoding=\"async\" width=\"683\" height=\"1024\" data-id=\"973\" src=\"https:\/\/fotografik.net.pl\/wp-content\/uploads\/2024\/11\/SLA01273-683x1024.jpg\" alt=\"\" class=\"wp-image-973\" srcset=\"https:\/\/fotografik.net.pl\/wp-content\/uploads\/2024\/11\/SLA01273-683x1024.jpg 683w, https:\/\/fotografik.net.pl\/wp-content\/uploads\/2024\/11\/SLA01273-200x300.jpg 200w, https:\/\/fotografik.net.pl\/wp-content\/uploads\/2024\/11\/SLA01273-768x1152.jpg 768w, https:\/\/fotografik.net.pl\/wp-content\/uploads\/2024\/11\/SLA01273-1024x1536.jpg 1024w, https:\/\/fotografik.net.pl\/wp-content\/uploads\/2024\/11\/SLA01273-1365x2048.jpg 1365w, https:\/\/fotografik.net.pl\/wp-content\/uploads\/2024\/11\/SLA01273-scaled.jpg 1707w\" sizes=\"auto, (max-width: 683px) 100vw, 683px\" \/><\/figure>\n\n\n\n<figure class=\"wp-block-image size-large\"><img loading=\"lazy\" decoding=\"async\" width=\"1024\" height=\"683\" data-id=\"969\" src=\"https:\/\/fotografik.net.pl\/wp-content\/uploads\/2024\/11\/SLA01266-1024x683.jpg\" alt=\"\" class=\"wp-image-969\" srcset=\"https:\/\/fotografik.net.pl\/wp-content\/uploads\/2024\/11\/SLA01266-1024x683.jpg 1024w, https:\/\/fotografik.net.pl\/wp-content\/uploads\/2024\/11\/SLA01266-300x200.jpg 300w, https:\/\/fotografik.net.pl\/wp-content\/uploads\/2024\/11\/SLA01266-768x512.jpg 768w, https:\/\/fotografik.net.pl\/wp-content\/uploads\/2024\/11\/SLA01266-1536x1024.jpg 1536w, https:\/\/fotografik.net.pl\/wp-content\/uploads\/2024\/11\/SLA01266.jpg 1800w\" sizes=\"auto, (max-width: 1024px) 100vw, 1024px\" \/><\/figure>\n\n\n\n<figure class=\"wp-block-image size-large\"><img loading=\"lazy\" decoding=\"async\" width=\"683\" height=\"1024\" data-id=\"981\" src=\"https:\/\/fotografik.net.pl\/wp-content\/uploads\/2024\/11\/SLA01309-683x1024.jpg\" alt=\"\" class=\"wp-image-981\" srcset=\"https:\/\/fotografik.net.pl\/wp-content\/uploads\/2024\/11\/SLA01309-683x1024.jpg 683w, https:\/\/fotografik.net.pl\/wp-content\/uploads\/2024\/11\/SLA01309-200x300.jpg 200w, https:\/\/fotografik.net.pl\/wp-content\/uploads\/2024\/11\/SLA01309-768x1152.jpg 768w, https:\/\/fotografik.net.pl\/wp-content\/uploads\/2024\/11\/SLA01309-1024x1536.jpg 1024w, https:\/\/fotografik.net.pl\/wp-content\/uploads\/2024\/11\/SLA01309-1365x2048.jpg 1365w, https:\/\/fotografik.net.pl\/wp-content\/uploads\/2024\/11\/SLA01309-scaled.jpg 1707w\" sizes=\"auto, (max-width: 683px) 100vw, 683px\" \/><\/figure>\n\n\n\n<figure class=\"wp-block-image size-large\"><img loading=\"lazy\" decoding=\"async\" width=\"683\" height=\"1024\" data-id=\"979\" src=\"https:\/\/fotografik.net.pl\/wp-content\/uploads\/2024\/11\/SLA01277-683x1024.jpg\" alt=\"\" class=\"wp-image-979\" srcset=\"https:\/\/fotografik.net.pl\/wp-content\/uploads\/2024\/11\/SLA01277-683x1024.jpg 683w, https:\/\/fotografik.net.pl\/wp-content\/uploads\/2024\/11\/SLA01277-200x300.jpg 200w, https:\/\/fotografik.net.pl\/wp-content\/uploads\/2024\/11\/SLA01277-768x1152.jpg 768w, https:\/\/fotografik.net.pl\/wp-content\/uploads\/2024\/11\/SLA01277-1024x1536.jpg 1024w, https:\/\/fotografik.net.pl\/wp-content\/uploads\/2024\/11\/SLA01277-1365x2048.jpg 1365w, https:\/\/fotografik.net.pl\/wp-content\/uploads\/2024\/11\/SLA01277-scaled.jpg 1707w\" sizes=\"auto, (max-width: 683px) 100vw, 683px\" \/><\/figure>\n<\/figure>\n","protected":false},"excerpt":{"rendered":"","protected":false},"author":1,"featured_media":0,"parent":378,"menu_order":0,"comment_status":"closed","ping_status":"closed","template":"","meta":{"footnotes":""},"class_list":["post-962","page","type-page","status-publish","hentry"],"_links":{"self":[{"href":"https:\/\/fotografik.net.pl\/index.php?rest_route=\/wp\/v2\/pages\/962","targetHints":{"allow":["GET"]}}],"collection":[{"href":"https:\/\/fotografik.net.pl\/index.php?rest_route=\/wp\/v2\/pages"}],"about":[{"href":"https:\/\/fotografik.net.pl\/index.php?rest_route=\/wp\/v2\/types\/page"}],"author":[{"embeddable":true,"href":"https:\/\/fotografik.net.pl\/index.php?rest_route=\/wp\/v2\/users\/1"}],"replies":[{"embeddable":true,"href":"https:\/\/fotografik.net.pl\/index.php?rest_route=%2Fwp%2Fv2%2Fcomments&post=962"}],"version-history":[{"count":1,"href":"https:\/\/fotografik.net.pl\/index.php?rest_route=\/wp\/v2\/pages\/962\/revisions"}],"predecessor-version":[{"id":983,"href":"https:\/\/fotografik.net.pl\/index.php?rest_route=\/wp\/v2\/pages\/962\/revisions\/983"}],"up":[{"embeddable":true,"href":"https:\/\/fotografik.net.pl\/index.php?rest_route=\/wp\/v2\/pages\/378"}],"wp:attachment":[{"href":"https:\/\/fotografik.net.pl\/index.php?rest_route=%2Fwp%2Fv2%2Fmedia&parent=962"}],"curies":[{"name":"wp","href":"https:\/\/api.w.org\/{rel}","templated":true}]}}